{"id":1001384734,"date":"2019-03-08T02:18:41","date_gmt":"2019-03-08T02:18:41","guid":{"rendered":""},"modified":"2024-09-25T09:59:08","modified_gmt":"2024-09-25T07:59:08","slug":"pneumatic-planetary-sander-with-200mm-pad-ak200a","status":"publish","type":"product","link":"https:\/\/www.rupes.com\/de\/product\/pneumatic-planetary-sander-with-200mm-pad-ak200a\/","title":{"rendered":"Pneumatic planetary sander with 200mm pad &#8211; AK200A"},"content":{"rendered":"<p>Pneumatic planetary sander, is eccentric rotary motion for maximum removal rates<br \/>\nTwo handed grip<br \/>\nTool start up with rotary valve<br \/>\nFitted with a \u00d8 200 mm pad<br \/>\nExcellent removal rate\u00a0for dust produced<br \/>\nSpeed control valve<br \/>\nDesigned for connection to extraction systems with pivotable connector<br \/>\nVacuum air pressure regulator\u00a0eliminating the &#8222;blow back&#8220; effect of the pad on the surface<br \/>\nThe special forced gearing motion promotes a high rate of removal with an excellent finish<br \/>\n<img fetchpriority=\"high\" decoding=\"async\" class=\"aligncenter size-medium wp-image-1001395125\" src=\"https:\/\/www.rupes.com\/wp-content\/uploads\/2019\/03\/AK200A_Pneumatic-planetary-sander-with-200mm-pad-300x200.jpg\" alt=\"AK200A - Pneumatic planetary sander with 200mm pad\" width=\"300\" height=\"200\" srcset=\"https:\/\/www.rupes.com\/wp-content\/uploads\/2019\/03\/AK200A_Pneumatic-planetary-sander-with-200mm-pad-300x200.jpg 300w, https:\/\/www.rupes.com\/wp-content\/uploads\/2019\/03\/AK200A_Pneumatic-planetary-sander-with-200mm-pad-1024x683.jpg 1024w, https:\/\/www.rupes.com\/wp-content\/uploads\/2019\/03\/AK200A_Pneumatic-planetary-sander-with-200mm-pad-768x512.jpg 768w, https:\/\/www.rupes.com\/wp-content\/uploads\/2019\/03\/AK200A_Pneumatic-planetary-sander-with-200mm-pad-750x500.jpg 750w, https:\/\/www.rupes.com\/wp-content\/uploads\/2019\/03\/AK200A_Pneumatic-planetary-sander-with-200mm-pad-105x70.jpg 105w, https:\/\/www.rupes.com\/wp-content\/uploads\/2019\/03\/AK200A_Pneumatic-planetary-sander-with-200mm-pad-200x133.jpg 200w, https:\/\/www.rupes.com\/wp-content\/uploads\/2019\/03\/AK200A_Pneumatic-planetary-sander-with-200mm-pad-100x67.jpg 100w, https:\/\/www.rupes.com\/wp-content\/uploads\/2019\/03\/AK200A_Pneumatic-planetary-sander-with-200mm-pad.jpg 1200w\" sizes=\"(max-width: 300px) 100vw, 300px\" \/><br \/>\n<b>Pneumatic planetary sander applications<\/b><\/p>\n<ul>\n<li>Excellent for working on large surfaces<\/li>\n<li>Oxide removal and surface preparation<\/li>\n<li>Removal of &#8222;gelcoat&#8220; from boats<\/li>\n<li>Paint stripping work and surface preparation<\/li>\n<\/ul>\n","protected":false},"featured_media":0,"template":"","meta":{"_acf_changed":false},"categoryproduct":[888965181,888965184],"class_list":["post-1001384734","product","type-product","status-publish","hentry","category_product-pneumatic-tools","category_product-pneumatic-tools-sanders"],"acf":{"product_codice":"AK200A","scheda_nuova":true,"contact_form":true,"attiva_flag_new_product":false,"product_home":"0","attiva_special_message":"disattivo","product_titolo_it":"LEVIGATRICE ROTOECCENTRICA PNEUMATICA 200mm AK200A","product_titolo_de":"PNEUMATISCHER ROTO-EXZENTERSCHLEIFER 200mm AK2000A","product_titolo_fr":"PONCEUSE PLANETAIRE PNEUMATIQUE 200mm AK200A","product_titolo_es":"NEUMATICA PLANETARIA PLATO 200mm AK200A","product_descrizione_en":"<p>Pneumatic planetary sander, is eccentric rotary motion for maximum removal rates<br \/>\nTwo handed grip<br \/>\nTool start up with rotary valve<br \/>\nFitted with a \u00d8 200 mm pad<br \/>\nExcellent removal rate\u00a0for dust produced<br \/>\nSpeed control valve<br \/>\nDesigned for connection to extraction systems with pivotable connector<br \/>\nVacuum air pressure regulator\u00a0eliminating the &#8222;blow back&#8220; effect of the pad on the surface<br \/>\nThe special forced gearing motion promotes a high rate of removal with an excellent finish<\/p>\n<p><b>Pneumatic planetary sander applications<\/b><\/p>\n<ul>\n<li>Excellent for working on large surfaces<\/li>\n<li>Oxide removal and surface preparation<\/li>\n<li>Removal of &#8222;gelcoat&#8220; from boats<\/li>\n<li>Paint stripping work and surface preparation<\/li>\n<\/ul>\n","product_descrizione_it":"<p>Levigatrice planetaria pneumatica, \u00e8 un movimento rotatorio eccentrico per la massima velocit\u00e0 di rimozione<br \/>\nImpugnatura a due mani<br \/>\nAvviamento utensile con valvola rotante<br \/>\nDotato di tampone \u00d8 200 mm<br \/>\nEccellente velocit\u00e0 di rimozione della polvere prodotta<br \/>\nValvola di controllo della velocit\u00e0<br \/>\nProgettato per il collegamento a sistemi di aspirazione con connettore girevole<br \/>\nRegolatore di pressione aria vuoto che elimina l&#8217;effetto &#8222;blow back&#8220; del tampone sulla superficie<br \/>\nLo speciale movimento ad ingranaggi forzati favorisce un alto tasso di asportazione con un&#8217;ottima finitura<\/p>\n<p><b> Applicazioni per levigatrici planetarie pneumatiche <\/b><\/p>\n<ul>\n<li>Eccellente per lavorare su grandi superfici<\/li>\n<li>Rimozione dell&#8217;ossido e preparazione della superficie<\/li>\n<li>Rimozione del &#8222;gelcoat&#8220; dalle barche<\/li>\n<li>Lavori di sverniciatura e preparazione della superficie<\/li>\n<\/ul>\n","product_descrizione_de":"<p>Der pneumatische Planetenschleifer ist eine exzentrische Drehbewegung f\u00fcr maximale Abtragsraten<br \/>\nZweihandgriff<br \/>\nWerkzeugstart mit Drehschieber<br \/>\nAusgestattet mit einem \u00d8 200 mm Pad<br \/>\nHervorragende Entfernungsrate f\u00fcr erzeugten Staub<br \/>\nDrehzahlregelventil<br \/>\nEntwickelt f\u00fcr den Anschluss an Absaugsysteme mit schwenkbarem Stecker<br \/>\nVakuum-Luftdruckregler eliminiert den &#8222;Blow-Back&#8220; -Effekt des Pads auf der Oberfl\u00e4che<br \/>\nDie spezielle Zwangsgetriebebewegung f\u00f6rdert eine hohe Abtragsrate mit einem hervorragenden Finish<\/p>\n<p><b> Anwendungen f\u00fcr pneumatische Planetenschleifer &lt;\/ b&gt;<\/b><\/p>\n<ul>\n<li>Hervorragend geeignet f\u00fcr Arbeiten auf gro\u00dfen Fl\u00e4chen &lt;\/ li&gt;<\/li>\n<li>Oxidentfernung und Oberfl\u00e4chenvorbereitung &lt;\/ li&gt;<\/li>\n<li>Entfernung von &#8222;Gelcoat&#8220; von Booten &lt;\/ li&gt;<\/li>\n<li>Abbeizarbeiten und Oberfl\u00e4chenvorbereitung &lt;\/ li&gt;<br \/>\n&lt;\/ ul&gt;<\/li>\n<\/ul>\n","product_descrizione_fr":"<p>Ponceuse plan\u00e9taire pneumatique, est un mouvement rotatif excentrique pour des taux de retrait maximum<br \/>\nPoign\u00e9e \u00e0 deux mains<br \/>\nD\u00e9marrage de l&#8217;outil avec vanne rotative<br \/>\nEquip\u00e9 d&#8217;un patin \u00d8 200 mm<br \/>\nExcellent taux d&#8217;\u00e9limination de la poussi\u00e8re produite<br \/>\nValve de contr\u00f4le de vitesse<br \/>\nCon\u00e7u pour la connexion aux syst\u00e8mes d&#8217;extraction avec connecteur pivotant<br \/>\nR\u00e9gulateur de pression d&#8217;air sous vide \u00e9liminant l&#8217;effet de \u00abrefoulement\u00bb du tampon sur la surface<br \/>\nLe mouvement d&#8217;engrenage forc\u00e9 sp\u00e9cial favorise un taux d&#8217;enl\u00e8vement \u00e9lev\u00e9 avec une excellente finition<\/p>\n<p><b> Applications de ponceuses plan\u00e9taires pneumatiques <\/b><\/p>\n<ul>\n<li>Excellent pour travailler sur de grandes surfaces<\/li>\n<li>\u00c9limination des oxydes et pr\u00e9paration de la surface<\/li>\n<li>Retrait du &#8222;gelcoat&#8220; des bateaux<\/li>\n<li>Travaux de d\u00e9capage et pr\u00e9paration de surface<\/li>\n<\/ul>\n","product_descrizione_es":"<p>Lijadora planetaria neum\u00e1tica, es un movimiento giratorio exc\u00e9ntrico para velocidades m\u00e1ximas de remoci\u00f3n<br \/>\nAgarre a dos manos<br \/>\nArranque de herramienta con v\u00e1lvula rotativa<br \/>\nEquipado con una almohadilla de \u00d8 200 mm<br \/>\nExcelente tasa de eliminaci\u00f3n del polvo producido<br \/>\nV\u00e1lvula de control de velocidad<br \/>\nDise\u00f1ado para conexi\u00f3n a sistemas de extracci\u00f3n con conector pivotante<br \/>\nRegulador de presi\u00f3n de aire al vac\u00edo que elimina el efecto de &#8222;retroceso&#8220; de la almohadilla en la superficie<br \/>\nEl movimiento de engranaje forzado especial promueve una alta tasa de remoci\u00f3n con un excelente acabado<\/p>\n<p><b> Aplicaciones de lijadoras planetarias neum\u00e1ticas <\/b><\/p>\n<ul>\n<li>Excelente para trabajar en grandes superficies<\/li>\n<li>Eliminaci\u00f3n de \u00f3xido y preparaci\u00f3n de superficies<\/li>\n<li>Eliminaci\u00f3n de &#8222;gelcoat&#8220; de los barcos<\/li>\n<li>Trabajos de decapado de pintura y preparaci\u00f3n de superficies<\/li>\n<\/ul>\n","product_scheda_en":"<table border=\"1\" cellspacing=\"1\" cellpadding=\"1\">\n<tbody>\n<tr>\n<td>Speed control<\/td>\n<td>\u2022<\/td>\n<\/tr>\n<tr>\n<td>Max consumption air (l\/min)<\/td>\n<td>400<\/td>\n<\/tr>\n<tr>\n<td>Weight (kg)<\/td>\n<td>2,300<\/td>\n<\/tr>\n<tr>\n<td>Stroke per minute<\/td>\n<td>4900 &#8211; 11200<\/td>\n<\/tr>\n<tr>\n<td>R.P.M.<\/td>\n<td>350 &#8211; 900<\/td>\n<\/tr>\n<tr>\n<td>Working pressure (bar)<\/td>\n<td>6<\/td>\n<\/tr>\n<tr>\n<td>\u00d8 orbit (mm)<\/td>\n<td>5<\/td>\n<\/tr>\n<tr>\n<td>\u00d8 backing pad (mm)<\/td>\n<td>200<\/td>\n<\/tr>\n<\/tbody>\n<\/table>\n","product_scheda_it":"<table border=\"1\" cellspacing=\"1\" cellpadding=\"1\">\n<tbody>\n<tr>\n<td>Regolazione di velocit\u00e0<\/td>\n<td>\u2022<\/td>\n<\/tr>\n<tr>\n<td>Consumo d&#8217;aria max (l\/min)<\/td>\n<td>400<\/td>\n<\/tr>\n<tr>\n<td>Peso (kg)<\/td>\n<td>2,300<\/td>\n<\/tr>\n<tr>\n<td>Corse al minuto<\/td>\n<td>4900 &#8211; 11200<\/td>\n<\/tr>\n<tr>\n<td>R.P.M.<\/td>\n<td>350 &#8211; 900<\/td>\n<\/tr>\n<tr>\n<td>Pressione d&#8217;esercizio (bar)<\/td>\n<td>6<\/td>\n<\/tr>\n<tr>\n<td>\u00d8 orbita (mm)<\/td>\n<td>5<\/td>\n<\/tr>\n<tr>\n<td>\u00d8 platorello (mm)<\/td>\n<td>200<\/td>\n<\/tr>\n<\/tbody>\n<\/table>\n","product_scheda_de":"<table border=\"1\" cellspacing=\"1\" cellpadding=\"1\">\n<tbody>\n<tr>\n<td>Regulierung der Geschwindigkeit<\/td>\n<td>\u2022<\/td>\n<\/tr>\n<tr>\n<td>Luftverbrauch (l\/min)<\/td>\n<td>400<\/td>\n<\/tr>\n<tr>\n<td>Gewicht (kg)<\/td>\n<td>2,300<\/td>\n<\/tr>\n<tr>\n<td>H\u00fcbe pro Minute<\/td>\n<td>4900 &#8211; 11200<\/td>\n<\/tr>\n<tr>\n<td>R.P.M.<\/td>\n<td>350 &#8211; 900<\/td>\n<\/tr>\n<tr>\n<td>Betriebsdruck (bar)<\/td>\n<td>6<\/td>\n<\/tr>\n<tr>\n<td>\u00d8 Schleifhub (mm)<\/td>\n<td>5<\/td>\n<\/tr>\n<tr>\n<td>\u00d8 Klett Schleifteller (mm)<\/td>\n<td>200<\/td>\n<\/tr>\n<\/tbody>\n<\/table>\n","product_scheda_fr":"<table border=\"1\" cellspacing=\"1\" cellpadding=\"1\">\n<tbody>\n<tr>\n<td>R\u00e9glage de la vitesse<\/td>\n<td>\u2022<\/td>\n<\/tr>\n<tr>\n<td>Consommation max d\u2019air (l\/min)<\/td>\n<td>400<\/td>\n<\/tr>\n<tr>\n<td>Poids (kg)<\/td>\n<td>2,300<\/td>\n<\/tr>\n<tr>\n<td>Courses \u00e0 la minute<\/td>\n<td>4900 &#8211; 11200<\/td>\n<\/tr>\n<tr>\n<td>R.P.M.<\/td>\n<td>350 &#8211; 900<\/td>\n<\/tr>\n<tr>\n<td>Pression de service (bar)<\/td>\n<td>6<\/td>\n<\/tr>\n<tr>\n<td>\u00d8 orbite (mm)<\/td>\n<td>5<\/td>\n<\/tr>\n<tr>\n<td>\u00d8 plateau (mm)<\/td>\n<td>200<\/td>\n<\/tr>\n<\/tbody>\n<\/table>\n","product_scheda_es":"<table border=\"1\" cellspacing=\"1\" cellpadding=\"1\">\n<tbody>\n<tr>\n<td>Control de velocidad<\/td>\n<td>\u2022<\/td>\n<\/tr>\n<tr>\n<td>Consumo m\u00e1ximo de aire (l\/min)<\/td>\n<td>400<\/td>\n<\/tr>\n<tr>\n<td>Peso (kg)<\/td>\n<td>2300<\/td>\n<\/tr>\n<tr>\n<td>Carrera por minuto<\/td>\n<td>4900-11200<\/td>\n<\/tr>\n<tr>\n<td>R.P.M.<\/td>\n<td>350 &#8211; 900<\/td>\n<\/tr>\n<tr>\n<td>Presi\u00f3n de trabajo (bar)<\/td>\n<td>6<\/td>\n<\/tr>\n<tr>\n<td>\u00d8 \u00f3rbita (mm)<\/td>\n<td>5<\/td>\n<\/tr>\n<tr>\n<td>\u00d8 almohadilla de respaldo (mm)<\/td>\n<td>200<\/td>\n<\/tr>\n<\/tbody>\n<\/table>\n","thumb":false,"gallery":[{"ID":1001395127,"id":1001395127,"title":"AK200A_Pneumatic-planetary-sander-with-200mm-pad","filename":"AK200A_Pneumatic-planetary-sander-with-200mm-pad.jpg","filesize":70652,"url":"https:\/\/www.rupes.com\/wp-content\/uploads\/2019\/03\/AK200A_Pneumatic-planetary-sander-with-200mm-pad.jpg","link":"https:\/\/www.rupes.com\/de\/product\/pneumatic-planetary-sander-with-200mm-pad-ak200a\/ak200a_pneumatic-planetary-sander-with-200mm-pad-2\/","alt":"AK200A - Pneumatic planetary sander with 200mm pad","author":"1","description":"AK200A - Pneumatic planetary sander with 200mm pad","caption":"AK200A - Pneumatic planetary sander with 200mm pad","name":"ak200a_pneumatic-planetary-sander-with-200mm-pad-2","status":"inherit","uploaded_to":1001384734,"date":"2020-11-13 09:32:44","modified":"2020-11-13 09:33:58","menu_order":0,"mime_type":"image\/jpeg","type":"image","subtype":"jpeg","icon":"https:\/\/www.rupes.com\/wp-includes\/images\/media\/default.png","width":1200,"height":800,"sizes":{"thumbnail":"https:\/\/www.rupes.com\/wp-content\/uploads\/2019\/03\/AK200A_Pneumatic-planetary-sander-with-200mm-pad-150x150.jpg","thumbnail-width":150,"thumbnail-height":150,"medium":"https:\/\/www.rupes.com\/wp-content\/uploads\/2019\/03\/AK200A_Pneumatic-planetary-sander-with-200mm-pad-300x200.jpg","medium-width":300,"medium-height":200,"medium_large":"https:\/\/www.rupes.com\/wp-content\/uploads\/2019\/03\/AK200A_Pneumatic-planetary-sander-with-200mm-pad-768x512.jpg","medium_large-width":768,"medium_large-height":512,"large":"https:\/\/www.rupes.com\/wp-content\/uploads\/2019\/03\/AK200A_Pneumatic-planetary-sander-with-200mm-pad-1024x683.jpg","large-width":1024,"large-height":683,"1536x1536":"https:\/\/www.rupes.com\/wp-content\/uploads\/2019\/03\/AK200A_Pneumatic-planetary-sander-with-200mm-pad.jpg","1536x1536-width":1200,"1536x1536-height":800,"2048x2048":"https:\/\/www.rupes.com\/wp-content\/uploads\/2019\/03\/AK200A_Pneumatic-planetary-sander-with-200mm-pad.jpg","2048x2048-width":1200,"2048x2048-height":800,"thumb_news":"https:\/\/www.rupes.com\/wp-content\/uploads\/2019\/03\/AK200A_Pneumatic-planetary-sander-with-200mm-pad-350x200.jpg","thumb_news-width":350,"thumb_news-height":200,"boxhome_small":"https:\/\/www.rupes.com\/wp-content\/uploads\/2019\/03\/AK200A_Pneumatic-planetary-sander-with-200mm-pad-200x100.jpg","boxhome_small-width":200,"boxhome_small-height":100,"boxhome_medium":"https:\/\/www.rupes.com\/wp-content\/uploads\/2019\/03\/AK200A_Pneumatic-planetary-sander-with-200mm-pad-300x150.jpg","boxhome_medium-width":300,"boxhome_medium-height":150,"boxhome_large":"https:\/\/www.rupes.com\/wp-content\/uploads\/2019\/03\/AK200A_Pneumatic-planetary-sander-with-200mm-pad-450x200.jpg","boxhome_large-width":450,"boxhome_large-height":200,"boxproducts_large":"https:\/\/www.rupes.com\/wp-content\/uploads\/2019\/03\/AK200A_Pneumatic-planetary-sander-with-200mm-pad-1200x700.jpg","boxproducts_large-width":1200,"boxproducts_large-height":700,"boxproducts_midlarge":"https:\/\/www.rupes.com\/wp-content\/uploads\/2019\/03\/AK200A_Pneumatic-planetary-sander-with-200mm-pad-1200x560.jpg","boxproducts_midlarge-width":1200,"boxproducts_midlarge-height":560,"boxproducts_medium":"https:\/\/www.rupes.com\/wp-content\/uploads\/2019\/03\/AK200A_Pneumatic-planetary-sander-with-200mm-pad-1024x450.jpg","boxproducts_medium-width":1024,"boxproducts_medium-height":450,"boxproducts_small":"https:\/\/www.rupes.com\/wp-content\/uploads\/2019\/03\/AK200A_Pneumatic-planetary-sander-with-200mm-pad-700x305.jpg","boxproducts_small-width":700,"boxproducts_small-height":305,"boxproducts_mobile":"https:\/\/www.rupes.com\/wp-content\/uploads\/2019\/03\/AK200A_Pneumatic-planetary-sander-with-200mm-pad-400x175.jpg","boxproducts_mobile-width":400,"boxproducts_mobile-height":175,"product_thumb":"https:\/\/www.rupes.com\/wp-content\/uploads\/2019\/03\/AK200A_Pneumatic-planetary-sander-with-200mm-pad-300x200.jpg","product_thumb-width":300,"product_thumb-height":200,"product_home":"https:\/\/www.rupes.com\/wp-content\/uploads\/2019\/03\/AK200A_Pneumatic-planetary-sander-with-200mm-pad-1200x700.jpg","product_home-width":1200,"product_home-height":700,"gallery_first":"https:\/\/www.rupes.com\/wp-content\/uploads\/2019\/03\/AK200A_Pneumatic-planetary-sander-with-200mm-pad-750x500.jpg","gallery_first-width":750,"gallery_first-height":500,"gallery_thumb":"https:\/\/www.rupes.com\/wp-content\/uploads\/2019\/03\/AK200A_Pneumatic-planetary-sander-with-200mm-pad-105x70.jpg","gallery_thumb-width":105,"gallery_thumb-height":70,"category_image":"https:\/\/www.rupes.com\/wp-content\/uploads\/2019\/03\/AK200A_Pneumatic-planetary-sander-with-200mm-pad-200x133.jpg","category_image-width":200,"category_image-height":133,"category_thumb":"https:\/\/www.rupes.com\/wp-content\/uploads\/2019\/03\/AK200A_Pneumatic-planetary-sander-with-200mm-pad-100x67.jpg","category_thumb-width":100,"category_thumb-height":67}}],"videos":false,"files":false,"product_b2b_code":"AK200A","blocco_dimensione":false,"varianti":false,"kit_vendita":false,"blocchi_prodotti_correlati":false,"seleziona_tag_notizie":false,"seleziona_le_recensioni":"","product_b2b_pdf":"","google_review_link":"","attiva_collegamento":false,"attiva_voice_speech":false,"code_usermanuals":"9.2458","code_usermanuals_usa":""},"_links":{"self":[{"href":"https:\/\/www.rupes.com\/de\/wp-json\/wp\/v2\/products\/1001384734","targetHints":{"allow":["GET"]}}],"collection":[{"href":"https:\/\/www.rupes.com\/de\/wp-json\/wp\/v2\/products"}],"about":[{"href":"https:\/\/www.rupes.com\/de\/wp-json\/wp\/v2\/types\/product"}],"wp:attachment":[{"href":"https:\/\/www.rupes.com\/de\/wp-json\/wp\/v2\/media?parent=1001384734"}],"wp:term":[{"taxonomy":"category_product","embeddable":true,"href":"https:\/\/www.rupes.com\/de\/wp-json\/wp\/v2\/categoryproduct?post=1001384734"}],"curies":[{"name":"wp","href":"https:\/\/api.w.org\/{rel}","templated":true}]}}