{"id":1001384719,"date":"2019-03-08T02:18:36","date_gmt":"2019-03-08T02:18:36","guid":{"rendered":""},"modified":"2022-07-21T12:05:41","modified_gmt":"2022-07-21T10:05:41","slug":"3d-keyring-ibrid-nano-9-z1138","status":"publish","type":"product","link":"https:\/\/www.rupes.com\/de\/product\/3d-keyring-ibrid-nano-9-z1138\/","title":{"rendered":"BigFoot 3D Keyring iBrid Nano"},"content":{"rendered":"<p>The BigFoot iBrid Nano shaped Keychain is amazingly similar to the actual Nano polishers. Have your keys organized with this amazing item!<\/p>\n<p><strong>Material: <\/strong>soft PVC<br \/>\n<strong>Dimension:<\/strong>\u00a08cm<\/p>\n","protected":false},"featured_media":0,"template":"","meta":{"_acf_changed":false},"categoryproduct":[888965420,888965424],"class_list":["post-1001384719","product","type-product","status-publish","hentry","category_product-merchandising","category_product-merchandising-various"],"acf":{"product_codice":"9.Z1138","scheda_nuova":true,"contact_form":true,"attiva_flag_new_product":false,"product_home":"0","attiva_special_message":"disattivo","product_titolo_it":"PORTACHIAVI 3D iBrid Nano","product_titolo_fr":"Porte-clefs 3D iBrid Nano","product_titolo_es":"Llaveros 3D iBrid Nano","product_descrizione_en":"<p>The BigFoot iBrid Nano shaped Keychain is amazingly similar to the actual Nano polishers. Have your keys organized with this amazing item!<\/p>\n<p><strong>Material:<\/strong> soft PVC<br \/>\n<strong>Dimension:<\/strong>\u00a08cm<\/p>\n","product_descrizione_it":"<p>Il portachiavi a forma di BigFoot iBrid Nano \u00e8 incredibilmente simile alla vera lucidatrice RUPES Nano a batteria. Organizza le tue chiavi con questo fantastico oggetto!<\/p>\n<p><strong>Materiale:<\/strong> PVC morbido<br \/>\n<strong>Dimensione:<\/strong>\u00a08cm<\/p>\n","product_descrizione_de":"<p>Der BigFoot iBrid Nano-Schl\u00fcsselanh\u00e4nger ist den tats\u00e4chlichen Nano-Polierern erstaunlich \u00e4hnlich. Haben Sie ihre Schl\u00fcssel mit diesem erstaunlichen Artikel organisiert!<\/p>\n<p><strong>Material:<\/strong> PVC<br \/>\n<b>Abmessungen:<\/b>\u00a08cm<\/p>\n","product_descrizione_fr":"<p>Le porte-cl\u00e9s en forme de BigFoot iBrid Nano est incroyablement similaire aux polissoirs Nano r\u00e9els. Organisez vos cl\u00e9s avec cet article incroyable !<\/p>\n<p><b>Mat\u00e9riel :\u00a0<\/b>PVC<br \/>\n<strong>Dimension:<\/strong>\u00a08cm<\/p>\n","product_descrizione_es":"<p>El llavero con forma nano BigFoot iBrid es incre\u00edblemente similar al pulidor de bater\u00eda RUPES Nano real.<\/p>\n<p><strong>Material:<\/strong> PVC<br \/>\n<b>Tama\u00f1o:<\/b>\u00a08cm<\/p>\n","product_scheda_en":"<table border=\"0\" cellspacing=\"0\" cellpadding=\"0\">\n<tbody>\n<tr>\n<td>Dimension<\/td>\n<td>cm &#8211; inch<\/td>\n<td>8 &#8211; 3<\/td>\n<\/tr>\n<\/tbody>\n<\/table>\n","product_scheda_it":"<table border=\"0\" cellspacing=\"0\" cellpadding=\"0\">\n<tbody>\n<tr>\n<td>Dimensione<\/td>\n<td>cm &#8211; inch<\/td>\n<td>8 &#8211; 3<\/td>\n<\/tr>\n<\/tbody>\n<\/table>\n","product_scheda_de":"","product_scheda_fr":"","product_scheda_es":"","thumb":false,"gallery":[{"ID":1001401813,"id":1001401813,"title":"9Z1138_2","filename":"9Z1138_2.jpg","filesize":78667,"url":"https:\/\/www.rupes.com\/wp-content\/uploads\/2019\/03\/9Z1138_2.jpg","link":"https:\/\/www.rupes.com\/de\/product\/3d-keyring-ibrid-nano-9-z1138\/9z1138_2-2\/","alt":"","author":"1","description":"","caption":"","name":"9z1138_2-2","status":"inherit","uploaded_to":1001384719,"date":"2022-07-15 12:01:29","modified":"2022-07-15 12:01:29","menu_order":0,"mime_type":"image\/jpeg","type":"image","subtype":"jpeg","icon":"https:\/\/www.rupes.com\/wp-includes\/images\/media\/default.png","width":2000,"height":1333,"sizes":{"thumbnail":"https:\/\/www.rupes.com\/wp-content\/uploads\/2019\/03\/9Z1138_2-150x150.jpg","thumbnail-width":150,"thumbnail-height":150,"medium":"https:\/\/www.rupes.com\/wp-content\/uploads\/2019\/03\/9Z1138_2-300x200.jpg","medium-width":300,"medium-height":200,"medium_large":"https:\/\/www.rupes.com\/wp-content\/uploads\/2019\/03\/9Z1138_2-768x512.jpg","medium_large-width":768,"medium_large-height":512,"large":"https:\/\/www.rupes.com\/wp-content\/uploads\/2019\/03\/9Z1138_2-1024x682.jpg","large-width":1024,"large-height":682,"1536x1536":"https:\/\/www.rupes.com\/wp-content\/uploads\/2019\/03\/9Z1138_2-1536x1024.jpg","1536x1536-width":1536,"1536x1536-height":1024,"2048x2048":"https:\/\/www.rupes.com\/wp-content\/uploads\/2019\/03\/9Z1138_2.jpg","2048x2048-width":2000,"2048x2048-height":1333,"thumb_news":"https:\/\/www.rupes.com\/wp-content\/uploads\/2019\/03\/9Z1138_2-350x200.jpg","thumb_news-width":350,"thumb_news-height":200,"boxhome_small":"https:\/\/www.rupes.com\/wp-content\/uploads\/2019\/03\/9Z1138_2-200x100.jpg","boxhome_small-width":200,"boxhome_small-height":100,"boxhome_medium":"https:\/\/www.rupes.com\/wp-content\/uploads\/2019\/03\/9Z1138_2-300x150.jpg","boxhome_medium-width":300,"boxhome_medium-height":150,"boxhome_large":"https:\/\/www.rupes.com\/wp-content\/uploads\/2019\/03\/9Z1138_2-450x200.jpg","boxhome_large-width":450,"boxhome_large-height":200,"boxproducts_large":"https:\/\/www.rupes.com\/wp-content\/uploads\/2019\/03\/9Z1138_2-1600x700.jpg","boxproducts_large-width":1600,"boxproducts_large-height":700,"boxproducts_midlarge":"https:\/\/www.rupes.com\/wp-content\/uploads\/2019\/03\/9Z1138_2-1280x560.jpg","boxproducts_midlarge-width":1280,"boxproducts_midlarge-height":560,"boxproducts_medium":"https:\/\/www.rupes.com\/wp-content\/uploads\/2019\/03\/9Z1138_2-1024x450.jpg","boxproducts_medium-width":1024,"boxproducts_medium-height":450,"boxproducts_small":"https:\/\/www.rupes.com\/wp-content\/uploads\/2019\/03\/9Z1138_2-700x305.jpg","boxproducts_small-width":700,"boxproducts_small-height":305,"boxproducts_mobile":"https:\/\/www.rupes.com\/wp-content\/uploads\/2019\/03\/9Z1138_2-400x175.jpg","boxproducts_mobile-width":400,"boxproducts_mobile-height":175,"product_thumb":"https:\/\/www.rupes.com\/wp-content\/uploads\/2019\/03\/9Z1138_2-300x200.jpg","product_thumb-width":300,"product_thumb-height":200,"product_home":"https:\/\/www.rupes.com\/wp-content\/uploads\/2019\/03\/9Z1138_2-1200x700.jpg","product_home-width":1200,"product_home-height":700,"gallery_first":"https:\/\/www.rupes.com\/wp-content\/uploads\/2019\/03\/9Z1138_2-750x500.jpg","gallery_first-width":750,"gallery_first-height":500,"gallery_thumb":"https:\/\/www.rupes.com\/wp-content\/uploads\/2019\/03\/9Z1138_2-105x70.jpg","gallery_thumb-width":105,"gallery_thumb-height":70,"category_image":"https:\/\/www.rupes.com\/wp-content\/uploads\/2019\/03\/9Z1138_2-200x133.jpg","category_image-width":200,"category_image-height":133,"category_thumb":"https:\/\/www.rupes.com\/wp-content\/uploads\/2019\/03\/9Z1138_2-100x67.jpg","category_thumb-width":100,"category_thumb-height":67}},{"ID":1001401818,"id":1001401818,"title":"9Z1138_1","filename":"9Z1138_1.jpg","filesize":69322,"url":"https:\/\/www.rupes.com\/wp-content\/uploads\/2019\/03\/9Z1138_1.jpg","link":"https:\/\/www.rupes.com\/de\/product\/3d-keyring-ibrid-nano-9-z1138\/9z1138_1-2\/","alt":"","author":"1","description":"","caption":"","name":"9z1138_1-2","status":"inherit","uploaded_to":1001384719,"date":"2022-07-15 12:01:36","modified":"2022-07-15 12:02:00","menu_order":0,"mime_type":"image\/jpeg","type":"image","subtype":"jpeg","icon":"https:\/\/www.rupes.com\/wp-includes\/images\/media\/default.png","width":2000,"height":1333,"sizes":{"thumbnail":"https:\/\/www.rupes.com\/wp-content\/uploads\/2019\/03\/9Z1138_1-150x150.jpg","thumbnail-width":150,"thumbnail-height":150,"medium":"https:\/\/www.rupes.com\/wp-content\/uploads\/2019\/03\/9Z1138_1-300x200.jpg","medium-width":300,"medium-height":200,"medium_large":"https:\/\/www.rupes.com\/wp-content\/uploads\/2019\/03\/9Z1138_1-768x512.jpg","medium_large-width":768,"medium_large-height":512,"large":"https:\/\/www.rupes.com\/wp-content\/uploads\/2019\/03\/9Z1138_1-1024x682.jpg","large-width":1024,"large-height":682,"1536x1536":"https:\/\/www.rupes.com\/wp-content\/uploads\/2019\/03\/9Z1138_1-1536x1024.jpg","1536x1536-width":1536,"1536x1536-height":1024,"2048x2048":"https:\/\/www.rupes.com\/wp-content\/uploads\/2019\/03\/9Z1138_1.jpg","2048x2048-width":2000,"2048x2048-height":1333,"thumb_news":"https:\/\/www.rupes.com\/wp-content\/uploads\/2019\/03\/9Z1138_1-350x200.jpg","thumb_news-width":350,"thumb_news-height":200,"boxhome_small":"https:\/\/www.rupes.com\/wp-content\/uploads\/2019\/03\/9Z1138_1-200x100.jpg","boxhome_small-width":200,"boxhome_small-height":100,"boxhome_medium":"https:\/\/www.rupes.com\/wp-content\/uploads\/2019\/03\/9Z1138_1-300x150.jpg","boxhome_medium-width":300,"boxhome_medium-height":150,"boxhome_large":"https:\/\/www.rupes.com\/wp-content\/uploads\/2019\/03\/9Z1138_1-450x200.jpg","boxhome_large-width":450,"boxhome_large-height":200,"boxproducts_large":"https:\/\/www.rupes.com\/wp-content\/uploads\/2019\/03\/9Z1138_1-1600x700.jpg","boxproducts_large-width":1600,"boxproducts_large-height":700,"boxproducts_midlarge":"https:\/\/www.rupes.com\/wp-content\/uploads\/2019\/03\/9Z1138_1-1280x560.jpg","boxproducts_midlarge-width":1280,"boxproducts_midlarge-height":560,"boxproducts_medium":"https:\/\/www.rupes.com\/wp-content\/uploads\/2019\/03\/9Z1138_1-1024x450.jpg","boxproducts_medium-width":1024,"boxproducts_medium-height":450,"boxproducts_small":"https:\/\/www.rupes.com\/wp-content\/uploads\/2019\/03\/9Z1138_1-700x305.jpg","boxproducts_small-width":700,"boxproducts_small-height":305,"boxproducts_mobile":"https:\/\/www.rupes.com\/wp-content\/uploads\/2019\/03\/9Z1138_1-400x175.jpg","boxproducts_mobile-width":400,"boxproducts_mobile-height":175,"product_thumb":"https:\/\/www.rupes.com\/wp-content\/uploads\/2019\/03\/9Z1138_1-300x200.jpg","product_thumb-width":300,"product_thumb-height":200,"product_home":"https:\/\/www.rupes.com\/wp-content\/uploads\/2019\/03\/9Z1138_1-1200x700.jpg","product_home-width":1200,"product_home-height":700,"gallery_first":"https:\/\/www.rupes.com\/wp-content\/uploads\/2019\/03\/9Z1138_1-750x500.jpg","gallery_first-width":750,"gallery_first-height":500,"gallery_thumb":"https:\/\/www.rupes.com\/wp-content\/uploads\/2019\/03\/9Z1138_1-105x70.jpg","gallery_thumb-width":105,"gallery_thumb-height":70,"category_image":"https:\/\/www.rupes.com\/wp-content\/uploads\/2019\/03\/9Z1138_1-200x133.jpg","category_image-width":200,"category_image-height":133,"category_thumb":"https:\/\/www.rupes.com\/wp-content\/uploads\/2019\/03\/9Z1138_1-100x67.jpg","category_thumb-width":100,"category_thumb-height":67}}],"videos":false,"files":false,"blocco_dimensione":false,"varianti":false,"kit_vendita":false,"blocchi_prodotti_correlati":[{"iconablocco":"fas fa-share-alt","seleziona_i_prodotti":[1001400624,1001384401,1001384444,1001384641,1001384642,1001384630],"label":"view related products","titolo_correlato_en":"","titolo_correlato_it":"","titolo_correlato_de":"","titolo_correlato_fr":"","titolo_correlato_es":""}],"seleziona_tag_notizie":false,"seleziona_le_recensioni":"","product_titolo_de":"3D iBrid Nano Schluesselringer","product_b2b_code":"","product_b2b_pdf":"","attiva_collegamento":true,"link_eshop":"https:\/\/shop.rupes.com\/en\/accessori\/35-bigfoot-3d-keyring-nano-ibrid.html","immagine_eshop":"https:\/\/shop.rupes.com\/201-home_default\/bigfoot-3d-keyring-nano-ibrid.jpg","prezzo_eshop":"5.00","attiva_voice_speech":false,"google_review_link":""},"_links":{"self":[{"href":"https:\/\/www.rupes.com\/de\/wp-json\/wp\/v2\/products\/1001384719","targetHints":{"allow":["GET"]}}],"collection":[{"href":"https:\/\/www.rupes.com\/de\/wp-json\/wp\/v2\/products"}],"about":[{"href":"https:\/\/www.rupes.com\/de\/wp-json\/wp\/v2\/types\/product"}],"wp:attachment":[{"href":"https:\/\/www.rupes.com\/de\/wp-json\/wp\/v2\/media?parent=1001384719"}],"wp:term":[{"taxonomy":"category_product","embeddable":true,"href":"https:\/\/www.rupes.com\/de\/wp-json\/wp\/v2\/categoryproduct?post=1001384719"}],"curies":[{"name":"wp","href":"https:\/\/api.w.org\/{rel}","templated":true}]}}