{"id":1001384630,"date":"2019-03-08T02:17:56","date_gmt":"2019-03-08T02:17:56","guid":{"rendered":""},"modified":"2022-06-28T13:50:13","modified_gmt":"2022-06-28T11:50:13","slug":"rupes-doubled-sided-sticker-cm-20x20-10-pcs-9-z910","status":"publish","type":"product","link":"https:\/\/www.rupes.com\/de\/product\/rupes-doubled-sided-sticker-cm-20x20-10-pcs-9-z910\/","title":{"rendered":"RUPES DOUBLED SIDED STICKER cm 20&#215;20 &#8211; 10 pcs"},"content":{"rendered":"<p>Printed from both sides<br \/>\nwith one side adhesive.<br \/>\nThe ideal solution for retail<br \/>\nclass entry doors and windows<\/p>\n","protected":false},"featured_media":0,"template":"","meta":{"_acf_changed":false},"categoryproduct":[888965423,888965420,888965424],"class_list":["post-1001384630","product","type-product","status-publish","hentry","category_product-merchandising-visual","category_product-merchandising","category_product-merchandising-various"],"acf":{"product_codice":"9.Z910","scheda_nuova":true,"contact_form":true,"attiva_flag_new_product":false,"product_home":"0","attiva_special_message":"disattivo","product_titolo_it":"ADESIVO RUPES BIFACCIALE cm 20x20 conf. 10 pz","product_titolo_de":"RUPES DOUBLE SIDED STICKY cm 20x20 - 10 Stk","product_titolo_fr":"RUPES DOUBLE FACE STICKY cm 20x20 - 10 pcs","product_titolo_es":"RUPES DOBLE CARA PEGATINA cm 20x20 - 10 piezas","product_descrizione_en":"<p>Printed on both sides with one adhesive side.<br \/>\nThe ideal solution for retail class entry doors and windows.<\/p>\n","product_descrizione_it":"<p>Stampato su entrambi i lati con un lato adesivo.<br \/>\nLa soluzione ideale per il retail porte e finestre di classe<\/p>\n","product_descrizione_de":"<p>Beidseitig bedruckt mit einseitigem Kleber.<br \/>\nDie ideale L\u00f6sung f\u00fcr den Einzelhandel Klasse Eingangst\u00fcren und Fenster<\/p>\n","product_descrizione_fr":"<p>Imprim\u00e9 des deux c\u00f4t\u00e9s avec un c\u00f4t\u00e9 adh\u00e9sif.<br \/>\nLa solution id\u00e9ale pour le commerce de d\u00e9tail portes et fen\u00eatres d&#8217;entr\u00e9e de classe<\/p>\n","product_descrizione_es":"<p>Impreso por ambos lados con adhesivo de un lado.<br \/>\nLa soluci\u00f3n ideal para el comercio minorista puertas y ventanas de entrada de clase<\/p>\n","product_scheda_en":"<table border=\"0\" cellspacing=\"0\" cellpadding=\"0\">\n<tbody>\n<tr>\n<td>Height<\/td>\n<td>cm &#8211; inch<\/td>\n<td>20 &#8211; 8<\/td>\n<\/tr>\n<tr>\n<td>Width<\/td>\n<td>cm &#8211; inch<\/td>\n<td>20 &#8211; 8<\/td>\n<\/tr>\n<\/tbody>\n<\/table>\n","product_scheda_it":"<table border=\"0\" cellspacing=\"0\" cellpadding=\"0\">\n<tbody>\n<tr>\n<td>Altezza<\/td>\n<td>cm &#8211; inch<\/td>\n<td>20 &#8211; 8<\/td>\n<\/tr>\n<tr>\n<td>Larghezza<\/td>\n<td>cm &#8211; inch<\/td>\n<td>20 &#8211; 8<\/td>\n<\/tr>\n<\/tbody>\n<\/table>\n","product_scheda_de":"","product_scheda_fr":"","product_scheda_es":"","thumb":false,"gallery":[{"ID":1001396115,"id":1001396115,"title":"vetrofania-9Z910","filename":"vetrofania-9Z910.jpg","filesize":139674,"url":"https:\/\/www.rupes.com\/wp-content\/uploads\/2019\/03\/vetrofania-9Z910.jpg","link":"https:\/\/www.rupes.com\/de\/product\/rupes-doubled-sided-sticker-cm-20x20-10-pcs-9-z910\/vetrofania-9z910-2\/","alt":"","author":"1","description":"","caption":"","name":"vetrofania-9z910-2","status":"inherit","uploaded_to":1001384630,"date":"2021-01-08 10:29:24","modified":"2021-01-08 10:29:24","menu_order":0,"mime_type":"image\/jpeg","type":"image","subtype":"jpeg","icon":"https:\/\/www.rupes.com\/wp-includes\/images\/media\/default.png","width":560,"height":554,"sizes":{"thumbnail":"https:\/\/www.rupes.com\/wp-content\/uploads\/2019\/03\/vetrofania-9Z910-150x150.jpg","thumbnail-width":150,"thumbnail-height":150,"medium":"https:\/\/www.rupes.com\/wp-content\/uploads\/2019\/03\/vetrofania-9Z910-300x297.jpg","medium-width":300,"medium-height":297,"medium_large":"https:\/\/www.rupes.com\/wp-content\/uploads\/2019\/03\/vetrofania-9Z910.jpg","medium_large-width":560,"medium_large-height":554,"large":"https:\/\/www.rupes.com\/wp-content\/uploads\/2019\/03\/vetrofania-9Z910.jpg","large-width":560,"large-height":554,"1536x1536":"https:\/\/www.rupes.com\/wp-content\/uploads\/2019\/03\/vetrofania-9Z910.jpg","1536x1536-width":560,"1536x1536-height":554,"2048x2048":"https:\/\/www.rupes.com\/wp-content\/uploads\/2019\/03\/vetrofania-9Z910.jpg","2048x2048-width":560,"2048x2048-height":554,"thumb_news":"https:\/\/www.rupes.com\/wp-content\/uploads\/2019\/03\/vetrofania-9Z910-350x200.jpg","thumb_news-width":350,"thumb_news-height":200,"boxhome_small":"https:\/\/www.rupes.com\/wp-content\/uploads\/2019\/03\/vetrofania-9Z910-200x100.jpg","boxhome_small-width":200,"boxhome_small-height":100,"boxhome_medium":"https:\/\/www.rupes.com\/wp-content\/uploads\/2019\/03\/vetrofania-9Z910-300x150.jpg","boxhome_medium-width":300,"boxhome_medium-height":150,"boxhome_large":"https:\/\/www.rupes.com\/wp-content\/uploads\/2019\/03\/vetrofania-9Z910-450x200.jpg","boxhome_large-width":450,"boxhome_large-height":200,"boxproducts_large":"https:\/\/www.rupes.com\/wp-content\/uploads\/2019\/03\/vetrofania-9Z910.jpg","boxproducts_large-width":560,"boxproducts_large-height":554,"boxproducts_midlarge":"https:\/\/www.rupes.com\/wp-content\/uploads\/2019\/03\/vetrofania-9Z910.jpg","boxproducts_midlarge-width":560,"boxproducts_midlarge-height":554,"boxproducts_medium":"https:\/\/www.rupes.com\/wp-content\/uploads\/2019\/03\/vetrofania-9Z910-560x450.jpg","boxproducts_medium-width":560,"boxproducts_medium-height":450,"boxproducts_small":"https:\/\/www.rupes.com\/wp-content\/uploads\/2019\/03\/vetrofania-9Z910-560x305.jpg","boxproducts_small-width":560,"boxproducts_small-height":305,"boxproducts_mobile":"https:\/\/www.rupes.com\/wp-content\/uploads\/2019\/03\/vetrofania-9Z910-400x175.jpg","boxproducts_mobile-width":400,"boxproducts_mobile-height":175,"product_thumb":"https:\/\/www.rupes.com\/wp-content\/uploads\/2019\/03\/vetrofania-9Z910-202x200.jpg","product_thumb-width":202,"product_thumb-height":200,"product_home":"https:\/\/www.rupes.com\/wp-content\/uploads\/2019\/03\/vetrofania-9Z910.jpg","product_home-width":560,"product_home-height":554,"gallery_first":"https:\/\/www.rupes.com\/wp-content\/uploads\/2019\/03\/vetrofania-9Z910-505x500.jpg","gallery_first-width":505,"gallery_first-height":500,"gallery_thumb":"https:\/\/www.rupes.com\/wp-content\/uploads\/2019\/03\/vetrofania-9Z910-81x80.jpg","gallery_thumb-width":81,"gallery_thumb-height":80,"category_image":"https:\/\/www.rupes.com\/wp-content\/uploads\/2019\/03\/vetrofania-9Z910-200x198.jpg","category_image-width":200,"category_image-height":198,"category_thumb":"https:\/\/www.rupes.com\/wp-content\/uploads\/2019\/03\/vetrofania-9Z910-100x100.jpg","category_thumb-width":100,"category_thumb-height":100}}],"videos":false,"files":false,"blocco_dimensione":false,"varianti":false,"kit_vendita":false,"blocchi_prodotti_correlati":[{"iconablocco":"fas fa-share-alt","seleziona_i_prodotti":[1001384719,1001384401,1001384641,1001384444],"label":"view related products","titolo_correlato_en":"","titolo_correlato_it":"","titolo_correlato_de":"","titolo_correlato_fr":"","titolo_correlato_es":""}],"seleziona_tag_notizie":false,"seleziona_le_recensioni":"","product_b2b_code":"","product_b2b_pdf":"","attiva_collegamento":false,"attiva_voice_speech":false,"google_review_link":""},"_links":{"self":[{"href":"https:\/\/www.rupes.com\/de\/wp-json\/wp\/v2\/products\/1001384630","targetHints":{"allow":["GET"]}}],"collection":[{"href":"https:\/\/www.rupes.com\/de\/wp-json\/wp\/v2\/products"}],"about":[{"href":"https:\/\/www.rupes.com\/de\/wp-json\/wp\/v2\/types\/product"}],"wp:attachment":[{"href":"https:\/\/www.rupes.com\/de\/wp-json\/wp\/v2\/media?parent=1001384630"}],"wp:term":[{"taxonomy":"category_product","embeddable":true,"href":"https:\/\/www.rupes.com\/de\/wp-json\/wp\/v2\/categoryproduct?post=1001384630"}],"curies":[{"name":"wp","href":"https:\/\/api.w.org\/{rel}","templated":true}]}}