{"id":1001384400,"date":"2019-03-08T01:50:19","date_gmt":"2019-03-08T00:50:19","guid":{"rendered":""},"modified":"2023-09-18T10:20:07","modified_gmt":"2023-09-18T08:20:07","slug":"backing-pad-125mm-velcro-pad-881-holes-for-lr21ae-lr71t-lr71te-tools","status":"publish","type":"product","link":"https:\/\/www.rupes.com\/de\/product\/backing-pad-125mm-velcro-pad-881-holes-for-lr21ae-lr71t-lr71te-tools\/","title":{"rendered":"Backing pad 125mm velcro pad 8+8+1 holes for LR71T &#8211; LR71TE"},"content":{"rendered":"","protected":false},"featured_media":0,"template":"","meta":{"_acf_changed":false},"categoryproduct":[888965157,888965156],"class_list":["post-1001384400","product","type-product","status-publish","hentry","category_product-consumables-backing-pads","category_product-consumables"],"acf":{"product_codice":"980.046","scheda_nuova":true,"contact_form":true,"attiva_flag_new_product":false,"product_home":"0","attiva_special_message":"disattivo","product_titolo_it":"Platorello 125mm velcro 8+8+1 fori per utensili LR71T - LR71TE","product_titolo_de":"St\u00fctzkissen 125mm Klettverschluss 8+8+1 L\u00f6cher f\u00fcr Werkzeuge LR71T - LR71TE","product_titolo_fr":"Patin arri\u00e8re Patin velcro 125mm 8+8+1 trous pour outils LR71T - LR71TE","product_titolo_es":"Almohadilla de respaldo Almohadilla de velcro de 125mm 8+8+1 orificios para herramientas LR71T - LR71TE","product_descrizione_en":"","product_descrizione_it":"","product_descrizione_de":"","product_descrizione_fr":"","product_descrizione_es":"","product_scheda_en":"<table border=\"0\" cellspacing=\"0\" cellpadding=\"0\">\n<tbody>\n<tr>\n<td><strong>\u00d8 mm<\/strong><\/td>\n<td><strong>Interface<\/strong><\/td>\n<td><strong>Holes<\/strong><\/td>\n<td><strong>Hardness<\/strong><\/td>\n<td><strong>Tool<\/strong><\/td>\n<td><strong>Fitting<\/strong><\/td>\n<td><strong>Unit<\/strong><\/td>\n<td><strong>Code<\/strong><\/td>\n<\/tr>\n<tr>\n<td>125<\/td>\n<td>Velcro<\/td>\n<td>8+8+1<\/td>\n<td>Hard<\/td>\n<td>LR71T &#8211; LR71TE<\/td>\n<td>&#8211;<\/td>\n<td>1<\/td>\n<td>980.046<\/td>\n<\/tr>\n<\/tbody>\n<\/table>\n","product_scheda_it":"<table border=\"0\" cellspacing=\"0\" cellpadding=\"0\">\n<tbody>\n<tr>\n<td><strong>\u00d8 mm<\/strong><\/td>\n<td><strong>Interfaccia<\/strong><\/td>\n<td><strong>Fori<\/strong><\/td>\n<td><strong>Durezza<\/strong><\/td>\n<td><strong>Utensile<\/strong><\/td>\n<td><strong>Filettatura<\/strong><\/td>\n<td><strong>Quantit\u00e0<\/strong><\/td>\n<td><strong>Codice<\/strong><\/td>\n<\/tr>\n<tr>\n<td>125<\/td>\n<td>Velcro<\/td>\n<td>8+8+1<\/td>\n<td>Hard<\/td>\n<td>LR71T &#8211; LR71TE<\/td>\n<td>&#8211;<\/td>\n<td>1<\/td>\n<td>980.046<\/td>\n<\/tr>\n<\/tbody>\n<\/table>\n","product_scheda_de":"<table border=\"0\" cellspacing=\"0\" cellpadding=\"0\">\n<tbody>\n<tr>\n<td><strong>\u00d8 mm<\/strong><\/td>\n<td><strong>Befestigung<\/strong><\/td>\n<td><strong>L\u00f6cher<\/strong><\/td>\n<td><strong>H\u00e4rte<\/strong><\/td>\n<td><strong>Werkzeug<\/strong><\/td>\n<td><strong>Gewinde<\/strong><\/td>\n<td><strong>Einheit<\/strong><\/td>\n<td><strong>Artikel-Nr.<\/strong><\/td>\n<\/tr>\n<tr>\n<td>125<\/td>\n<td>Klett<\/td>\n<td>8+8+1<\/td>\n<td>Hart<\/td>\n<td>LR71T &#8211; LR71TE<\/td>\n<td>&#8211;<\/td>\n<td>1<\/td>\n<td>980.046<\/td>\n<\/tr>\n<\/tbody>\n<\/table>\n","product_scheda_fr":"<table border=\"0\" cellspacing=\"0\" cellpadding=\"0\">\n<tbody>\n<tr>\n<td><strong>\u00d8 mm<\/strong><\/td>\n<td><strong>Interface<\/strong><\/td>\n<td><strong>Perforations<\/strong><\/td>\n<td><strong>Duret\u00e9<\/strong><\/td>\n<td><strong>Outil<\/strong><\/td>\n<td><strong>Montage<\/strong><\/td>\n<td><strong>Unit\u00e9<\/strong><\/td>\n<td><strong>R\u00e9f.<\/strong><\/td>\n<\/tr>\n<tr>\n<td>125<\/td>\n<td>Velcro<\/td>\n<td>8+8+1<\/td>\n<td>Dur<\/td>\n<td>LR71T &#8211; LR71TE<\/td>\n<td>&#8211;<\/td>\n<td>1<\/td>\n<td>980.046<\/td>\n<\/tr>\n<\/tbody>\n<\/table>\n","product_scheda_es":"<table border=\"0\" cellspacing=\"0\" cellpadding=\"0\">\n<tbody>\n<tr>\n<td><strong>\u00d8 mm<\/strong><\/td>\n<td><strong>Interface<\/strong><\/td>\n<td><strong>Orificios<\/strong><\/td>\n<td><strong>Duroeza<\/strong><\/td>\n<td><strong>Herramienta<\/strong><\/td>\n<td><strong>Empalme<\/strong><\/td>\n<td><strong>Unidad<\/strong><\/td>\n<td><strong>C\u00f3digo<\/strong><\/td>\n<\/tr>\n<tr>\n<td>125<\/td>\n<td>Velcro<\/td>\n<td>8+8+1<\/td>\n<td>Duro<\/td>\n<td>LR71T &#8211; LR71TE<\/td>\n<td>&#8211;<\/td>\n<td>1<\/td>\n<td>980.046<\/td>\n<\/tr>\n<\/tbody>\n<\/table>\n","thumb":false,"gallery":[{"ID":1001403280,"id":1001403280,"title":"980.046","filename":"980.046.jpg","filesize":70876,"url":"https:\/\/www.rupes.com\/wp-content\/uploads\/2019\/03\/980.046.jpg","link":"https:\/\/www.rupes.com\/de\/product\/backing-pad-125mm-velcro-pad-881-holes-for-lr21ae-lr71t-lr71te-tools\/980-046-2\/","alt":"","author":"1","description":"","caption":"","name":"980-046-2","status":"inherit","uploaded_to":1001384400,"date":"2023-03-23 08:25:41","modified":"2023-03-23 08:25:51","menu_order":0,"mime_type":"image\/jpeg","type":"image","subtype":"jpeg","icon":"https:\/\/www.rupes.com\/wp-includes\/images\/media\/default.png","width":1600,"height":1067,"sizes":{"thumbnail":"https:\/\/www.rupes.com\/wp-content\/uploads\/2019\/03\/980.046-150x150.jpg","thumbnail-width":150,"thumbnail-height":150,"medium":"https:\/\/www.rupes.com\/wp-content\/uploads\/2019\/03\/980.046-300x200.jpg","medium-width":300,"medium-height":200,"medium_large":"https:\/\/www.rupes.com\/wp-content\/uploads\/2019\/03\/980.046-768x512.jpg","medium_large-width":768,"medium_large-height":512,"large":"https:\/\/www.rupes.com\/wp-content\/uploads\/2019\/03\/980.046-1024x683.jpg","large-width":1024,"large-height":683,"1536x1536":"https:\/\/www.rupes.com\/wp-content\/uploads\/2019\/03\/980.046-1536x1024.jpg","1536x1536-width":1536,"1536x1536-height":1024,"2048x2048":"https:\/\/www.rupes.com\/wp-content\/uploads\/2019\/03\/980.046.jpg","2048x2048-width":1600,"2048x2048-height":1067,"thumb_news":"https:\/\/www.rupes.com\/wp-content\/uploads\/2019\/03\/980.046-350x200.jpg","thumb_news-width":350,"thumb_news-height":200,"boxhome_small":"https:\/\/www.rupes.com\/wp-content\/uploads\/2019\/03\/980.046-200x100.jpg","boxhome_small-width":200,"boxhome_small-height":100,"boxhome_medium":"https:\/\/www.rupes.com\/wp-content\/uploads\/2019\/03\/980.046-300x150.jpg","boxhome_medium-width":300,"boxhome_medium-height":150,"boxhome_large":"https:\/\/www.rupes.com\/wp-content\/uploads\/2019\/03\/980.046-450x200.jpg","boxhome_large-width":450,"boxhome_large-height":200,"boxproducts_large":"https:\/\/www.rupes.com\/wp-content\/uploads\/2019\/03\/980.046-1600x700.jpg","boxproducts_large-width":1600,"boxproducts_large-height":700,"boxproducts_midlarge":"https:\/\/www.rupes.com\/wp-content\/uploads\/2019\/03\/980.046-1280x560.jpg","boxproducts_midlarge-width":1280,"boxproducts_midlarge-height":560,"boxproducts_medium":"https:\/\/www.rupes.com\/wp-content\/uploads\/2019\/03\/980.046-1024x450.jpg","boxproducts_medium-width":1024,"boxproducts_medium-height":450,"boxproducts_small":"https:\/\/www.rupes.com\/wp-content\/uploads\/2019\/03\/980.046-700x305.jpg","boxproducts_small-width":700,"boxproducts_small-height":305,"boxproducts_mobile":"https:\/\/www.rupes.com\/wp-content\/uploads\/2019\/03\/980.046-400x175.jpg","boxproducts_mobile-width":400,"boxproducts_mobile-height":175,"product_thumb":"https:\/\/www.rupes.com\/wp-content\/uploads\/2019\/03\/980.046-300x200.jpg","product_thumb-width":300,"product_thumb-height":200,"product_home":"https:\/\/www.rupes.com\/wp-content\/uploads\/2019\/03\/980.046-1200x700.jpg","product_home-width":1200,"product_home-height":700,"gallery_first":"https:\/\/www.rupes.com\/wp-content\/uploads\/2019\/03\/980.046-750x500.jpg","gallery_first-width":750,"gallery_first-height":500,"gallery_thumb":"https:\/\/www.rupes.com\/wp-content\/uploads\/2019\/03\/980.046-105x70.jpg","gallery_thumb-width":105,"gallery_thumb-height":70,"category_image":"https:\/\/www.rupes.com\/wp-content\/uploads\/2019\/03\/980.046-200x133.jpg","category_image-width":200,"category_image-height":133,"category_thumb":"https:\/\/www.rupes.com\/wp-content\/uploads\/2019\/03\/980.046-100x67.jpg","category_thumb-width":100,"category_thumb-height":67}}],"videos":false,"files":false,"product_b2b_code":"","blocco_dimensione":false,"varianti":[{"codice":"980.046","immagine":{"ID":1001395456,"id":1001395456,"title":"980-046_125mm-velcro-pad-8+8+1-hard-for-LR71T-LR71TE-tools","filename":"980-046_125mm-velcro-pad-881-hard-for-LR71T-LR71TE-tools.jpg","filesize":35308,"url":"https:\/\/www.rupes.com\/wp-content\/uploads\/2019\/03\/980-046_125mm-velcro-pad-881-hard-for-LR71T-LR71TE-tools.jpg","link":"https:\/\/www.rupes.com\/de\/product\/backing-pad-125mm-velcro-pad-881-holes-for-lr21ae-lr71t-lr71te-tools\/980-046_125mm-velcro-pad-881-hard-for-lr71t-lr71te-tools-2\/","alt":"980.046 - 125mm velcro pad 8+8+1 hard for LR71T-LR71TE tools","author":"1","description":"980.046 - 125mm velcro pad 8+8+1 hard for LR71T-LR71TE tools","caption":"","name":"980-046_125mm-velcro-pad-881-hard-for-lr71t-lr71te-tools-2","status":"inherit","uploaded_to":1001384400,"date":"2020-11-17 14:34:20","modified":"2020-11-17 14:40:55","menu_order":0,"mime_type":"image\/jpeg","type":"image","subtype":"jpeg","icon":"https:\/\/www.rupes.com\/wp-includes\/images\/media\/default.png","width":1200,"height":800,"sizes":{"thumbnail":"https:\/\/www.rupes.com\/wp-content\/uploads\/2019\/03\/980-046_125mm-velcro-pad-881-hard-for-LR71T-LR71TE-tools-150x150.jpg","thumbnail-width":150,"thumbnail-height":150,"medium":"https:\/\/www.rupes.com\/wp-content\/uploads\/2019\/03\/980-046_125mm-velcro-pad-881-hard-for-LR71T-LR71TE-tools-300x200.jpg","medium-width":300,"medium-height":200,"medium_large":"https:\/\/www.rupes.com\/wp-content\/uploads\/2019\/03\/980-046_125mm-velcro-pad-881-hard-for-LR71T-LR71TE-tools-768x512.jpg","medium_large-width":768,"medium_large-height":512,"large":"https:\/\/www.rupes.com\/wp-content\/uploads\/2019\/03\/980-046_125mm-velcro-pad-881-hard-for-LR71T-LR71TE-tools-1024x683.jpg","large-width":1024,"large-height":683,"1536x1536":"https:\/\/www.rupes.com\/wp-content\/uploads\/2019\/03\/980-046_125mm-velcro-pad-881-hard-for-LR71T-LR71TE-tools.jpg","1536x1536-width":1200,"1536x1536-height":800,"2048x2048":"https:\/\/www.rupes.com\/wp-content\/uploads\/2019\/03\/980-046_125mm-velcro-pad-881-hard-for-LR71T-LR71TE-tools.jpg","2048x2048-width":1200,"2048x2048-height":800,"thumb_news":"https:\/\/www.rupes.com\/wp-content\/uploads\/2019\/03\/980-046_125mm-velcro-pad-881-hard-for-LR71T-LR71TE-tools-350x200.jpg","thumb_news-width":350,"thumb_news-height":200,"boxhome_small":"https:\/\/www.rupes.com\/wp-content\/uploads\/2019\/03\/980-046_125mm-velcro-pad-881-hard-for-LR71T-LR71TE-tools-200x100.jpg","boxhome_small-width":200,"boxhome_small-height":100,"boxhome_medium":"https:\/\/www.rupes.com\/wp-content\/uploads\/2019\/03\/980-046_125mm-velcro-pad-881-hard-for-LR71T-LR71TE-tools-300x150.jpg","boxhome_medium-width":300,"boxhome_medium-height":150,"boxhome_large":"https:\/\/www.rupes.com\/wp-content\/uploads\/2019\/03\/980-046_125mm-velcro-pad-881-hard-for-LR71T-LR71TE-tools-450x200.jpg","boxhome_large-width":450,"boxhome_large-height":200,"boxproducts_large":"https:\/\/www.rupes.com\/wp-content\/uploads\/2019\/03\/980-046_125mm-velcro-pad-881-hard-for-LR71T-LR71TE-tools-1200x700.jpg","boxproducts_large-width":1200,"boxproducts_large-height":700,"boxproducts_midlarge":"https:\/\/www.rupes.com\/wp-content\/uploads\/2019\/03\/980-046_125mm-velcro-pad-881-hard-for-LR71T-LR71TE-tools-1200x560.jpg","boxproducts_midlarge-width":1200,"boxproducts_midlarge-height":560,"boxproducts_medium":"https:\/\/www.rupes.com\/wp-content\/uploads\/2019\/03\/980-046_125mm-velcro-pad-881-hard-for-LR71T-LR71TE-tools-1024x450.jpg","boxproducts_medium-width":1024,"boxproducts_medium-height":450,"boxproducts_small":"https:\/\/www.rupes.com\/wp-content\/uploads\/2019\/03\/980-046_125mm-velcro-pad-881-hard-for-LR71T-LR71TE-tools-700x305.jpg","boxproducts_small-width":700,"boxproducts_small-height":305,"boxproducts_mobile":"https:\/\/www.rupes.com\/wp-content\/uploads\/2019\/03\/980-046_125mm-velcro-pad-881-hard-for-LR71T-LR71TE-tools-400x175.jpg","boxproducts_mobile-width":400,"boxproducts_mobile-height":175,"product_thumb":"https:\/\/www.rupes.com\/wp-content\/uploads\/2019\/03\/980-046_125mm-velcro-pad-881-hard-for-LR71T-LR71TE-tools-300x200.jpg","product_thumb-width":300,"product_thumb-height":200,"product_home":"https:\/\/www.rupes.com\/wp-content\/uploads\/2019\/03\/980-046_125mm-velcro-pad-881-hard-for-LR71T-LR71TE-tools-1200x700.jpg","product_home-width":1200,"product_home-height":700,"gallery_first":"https:\/\/www.rupes.com\/wp-content\/uploads\/2019\/03\/980-046_125mm-velcro-pad-881-hard-for-LR71T-LR71TE-tools-750x500.jpg","gallery_first-width":750,"gallery_first-height":500,"gallery_thumb":"https:\/\/www.rupes.com\/wp-content\/uploads\/2019\/03\/980-046_125mm-velcro-pad-881-hard-for-LR71T-LR71TE-tools-105x70.jpg","gallery_thumb-width":105,"gallery_thumb-height":70,"category_image":"https:\/\/www.rupes.com\/wp-content\/uploads\/2019\/03\/980-046_125mm-velcro-pad-881-hard-for-LR71T-LR71TE-tools-200x133.jpg","category_image-width":200,"category_image-height":133,"category_thumb":"https:\/\/www.rupes.com\/wp-content\/uploads\/2019\/03\/980-046_125mm-velcro-pad-881-hard-for-LR71T-LR71TE-tools-100x67.jpg","category_thumb-width":100,"category_thumb-height":67}},"link_a_scheda":"","caratteristica_en":"","caratteristica_it":"","caratteristica_de":"","caratteristica_fr":"","caratteristica_es":""}],"kit_vendita":false,"blocchi_prodotti_correlati":[{"iconablocco":"fas fa-retweet","seleziona_i_prodotti":"","label":"compatible with","titolo_correlato_en":"","titolo_correlato_it":"","titolo_correlato_de":"","titolo_correlato_fr":"","titolo_correlato_es":""}],"seleziona_tag_notizie":false,"seleziona_le_recensioni":"","attiva_voice_speech":false,"product_b2b_pdf":"","code_usermanuals":"","code_usermanuals_usa":"","google_review_link":"","attiva_collegamento":false},"_links":{"self":[{"href":"https:\/\/www.rupes.com\/de\/wp-json\/wp\/v2\/products\/1001384400","targetHints":{"allow":["GET"]}}],"collection":[{"href":"https:\/\/www.rupes.com\/de\/wp-json\/wp\/v2\/products"}],"about":[{"href":"https:\/\/www.rupes.com\/de\/wp-json\/wp\/v2\/types\/product"}],"wp:attachment":[{"href":"https:\/\/www.rupes.com\/de\/wp-json\/wp\/v2\/media?parent=1001384400"}],"wp:term":[{"taxonomy":"category_product","embeddable":true,"href":"https:\/\/www.rupes.com\/de\/wp-json\/wp\/v2\/categoryproduct?post=1001384400"}],"curies":[{"name":"wp","href":"https:\/\/api.w.org\/{rel}","templated":true}]}}