{"id":1001384093,"date":"2019-03-08T02:14:11","date_gmt":"2019-03-08T02:14:11","guid":{"rendered":""},"modified":"2022-07-05T09:51:13","modified_gmt":"2022-07-05T07:51:13","slug":"bigfoot-cap-9-z245","status":"publish","type":"product","link":"https:\/\/www.rupes.com\/de\/product\/bigfoot-cap-9-z245\/","title":{"rendered":"BigFoot Cap"},"content":{"rendered":"","protected":false},"featured_media":0,"template":"","meta":{"_acf_changed":false},"categoryproduct":[888965421,888965420],"class_list":["post-1001384093","product","type-product","status-publish","hentry","category_product-merchandising-clothing","category_product-merchandising"],"acf":{"product_codice":"9.Z245","scheda_nuova":true,"contact_form":true,"attiva_flag_new_product":false,"product_home":"0","attiva_special_message":"disattivo","product_titolo_it":"Cappellino RUPES","product_titolo_de":"BigFoot Cap","product_titolo_fr":"Casquette BigFoot","product_titolo_es":"Gorra BigFoot","product_descrizione_en":"<p>The RUPES Cap is a traditional brushed cotton cap with adjustable strap fastening and the iconic logo embroidered on the front. The black color and the Italian flag patterns make it a very stylish item of clothing for everyday life.<\/p>\n<ul>\n<li>Color: Black\/Italian flag<\/li>\n<li>Material: brushed cotton<\/li>\n<\/ul>\n","product_descrizione_it":"<p>Il cappellino RUPES \u00e8 un tradizionale berretto in cotone con cinturino regolabile e con l&#8217;iconico logo ricamato sulla parte frontale.<\/p>\n<ul>\n<li>Colore: nero\/bandiera italiana<\/li>\n<li>Materiale: cotone<\/li>\n<\/ul>\n","product_descrizione_de":"<p>Die RUPES-Kappe ist eine traditionelle Kappe aus geb\u00fcrsteter Baumwolle mit verstellbarem Riemenverschluss und dem ikonischen Logo auf der Vorderseite. Die schwarze Farbe und die italienischen Flaggenmuster machen es zu einem sehr stilvollen Kleidungsst\u00fcck f\u00fcr den Alltag.<\/p>\n<ul>\n<li>Farbe: Schwarz \/ Italienische Flagge<\/li>\n<li>Material: geb\u00fcrstete Baumwolle<\/li>\n<\/ul>\n","product_descrizione_fr":"<p>La casquette RUPES est une casquette traditionnelle en coton bross\u00e9 avec une sangle r\u00e9glable et le logo embl\u00e9matique brod\u00e9 sur le devant. La couleur noire et les motifs du drapeau italien en font un v\u00eatement tr\u00e8s \u00e9l\u00e9gant pour la vie quotidienne.<\/p>\n<ul>\n<li>Couleur: noir \/ drapeau italien<\/li>\n<li>Mati\u00e8re: coton bross\u00e9<\/li>\n<\/ul>\n","product_descrizione_es":"<p>La gorra RUPES es una gorra tradicional de algod\u00f3n cepillado con cierre de correa ajustable y el ic\u00f3nico logo bordado en la parte delantera. El color negro y los patrones de la bandera italiana lo convierten en una prenda de vestir muy elegante para la vida cotidiana.<\/p>\n<ul>\n<li>Color: negro \/ bandera italiana<\/li>\n<li>Material: algod\u00f3n cepillado<\/li>\n<\/ul>\n","product_scheda_en":"","product_scheda_it":"","product_scheda_de":"","product_scheda_fr":"","product_scheda_es":"","thumb":false,"gallery":[{"ID":1001401412,"id":1001401412,"title":"bigfoot-cap","filename":"bigfoot-cap.jpg","filesize":103610,"url":"https:\/\/www.rupes.com\/wp-content\/uploads\/2019\/03\/bigfoot-cap.jpg","link":"https:\/\/www.rupes.com\/de\/product\/bigfoot-cap-9-z245\/bigfoot-cap-2\/","alt":"","author":"1","description":"","caption":"","name":"bigfoot-cap-2","status":"inherit","uploaded_to":1001384093,"date":"2022-07-05 07:50:54","modified":"2022-07-05 07:51:06","menu_order":0,"mime_type":"image\/jpeg","type":"image","subtype":"jpeg","icon":"https:\/\/www.rupes.com\/wp-includes\/images\/media\/default.png","width":1600,"height":1067,"sizes":{"thumbnail":"https:\/\/www.rupes.com\/wp-content\/uploads\/2019\/03\/bigfoot-cap-150x150.jpg","thumbnail-width":150,"thumbnail-height":150,"medium":"https:\/\/www.rupes.com\/wp-content\/uploads\/2019\/03\/bigfoot-cap-300x200.jpg","medium-width":300,"medium-height":200,"medium_large":"https:\/\/www.rupes.com\/wp-content\/uploads\/2019\/03\/bigfoot-cap-768x512.jpg","medium_large-width":768,"medium_large-height":512,"large":"https:\/\/www.rupes.com\/wp-content\/uploads\/2019\/03\/bigfoot-cap-1024x683.jpg","large-width":1024,"large-height":683,"1536x1536":"https:\/\/www.rupes.com\/wp-content\/uploads\/2019\/03\/bigfoot-cap-1536x1024.jpg","1536x1536-width":1536,"1536x1536-height":1024,"2048x2048":"https:\/\/www.rupes.com\/wp-content\/uploads\/2019\/03\/bigfoot-cap.jpg","2048x2048-width":1600,"2048x2048-height":1067,"thumb_news":"https:\/\/www.rupes.com\/wp-content\/uploads\/2019\/03\/bigfoot-cap-350x200.jpg","thumb_news-width":350,"thumb_news-height":200,"boxhome_small":"https:\/\/www.rupes.com\/wp-content\/uploads\/2019\/03\/bigfoot-cap-200x100.jpg","boxhome_small-width":200,"boxhome_small-height":100,"boxhome_medium":"https:\/\/www.rupes.com\/wp-content\/uploads\/2019\/03\/bigfoot-cap-300x150.jpg","boxhome_medium-width":300,"boxhome_medium-height":150,"boxhome_large":"https:\/\/www.rupes.com\/wp-content\/uploads\/2019\/03\/bigfoot-cap-450x200.jpg","boxhome_large-width":450,"boxhome_large-height":200,"boxproducts_large":"https:\/\/www.rupes.com\/wp-content\/uploads\/2019\/03\/bigfoot-cap-1600x700.jpg","boxproducts_large-width":1600,"boxproducts_large-height":700,"boxproducts_midlarge":"https:\/\/www.rupes.com\/wp-content\/uploads\/2019\/03\/bigfoot-cap-1280x560.jpg","boxproducts_midlarge-width":1280,"boxproducts_midlarge-height":560,"boxproducts_medium":"https:\/\/www.rupes.com\/wp-content\/uploads\/2019\/03\/bigfoot-cap-1024x450.jpg","boxproducts_medium-width":1024,"boxproducts_medium-height":450,"boxproducts_small":"https:\/\/www.rupes.com\/wp-content\/uploads\/2019\/03\/bigfoot-cap-700x305.jpg","boxproducts_small-width":700,"boxproducts_small-height":305,"boxproducts_mobile":"https:\/\/www.rupes.com\/wp-content\/uploads\/2019\/03\/bigfoot-cap-400x175.jpg","boxproducts_mobile-width":400,"boxproducts_mobile-height":175,"product_thumb":"https:\/\/www.rupes.com\/wp-content\/uploads\/2019\/03\/bigfoot-cap-300x200.jpg","product_thumb-width":300,"product_thumb-height":200,"product_home":"https:\/\/www.rupes.com\/wp-content\/uploads\/2019\/03\/bigfoot-cap-1200x700.jpg","product_home-width":1200,"product_home-height":700,"gallery_first":"https:\/\/www.rupes.com\/wp-content\/uploads\/2019\/03\/bigfoot-cap-750x500.jpg","gallery_first-width":750,"gallery_first-height":500,"gallery_thumb":"https:\/\/www.rupes.com\/wp-content\/uploads\/2019\/03\/bigfoot-cap-105x70.jpg","gallery_thumb-width":105,"gallery_thumb-height":70,"category_image":"https:\/\/www.rupes.com\/wp-content\/uploads\/2019\/03\/bigfoot-cap-200x133.jpg","category_image-width":200,"category_image-height":133,"category_thumb":"https:\/\/www.rupes.com\/wp-content\/uploads\/2019\/03\/bigfoot-cap-100x67.jpg","category_thumb-width":100,"category_thumb-height":67}},{"ID":1001389010,"id":1001389010,"title":"cap-rupes","filename":"cap-rupes.jpg","filesize":42035,"url":"https:\/\/www.rupes.com\/wp-content\/uploads\/2019\/03\/cap-rupes.jpg","link":"https:\/\/www.rupes.com\/de\/product\/bigfoot-cap-9-z245\/cap-rupes-2\/","alt":"","author":"1","description":"","caption":"","name":"cap-rupes-2","status":"inherit","uploaded_to":1001384093,"date":"2019-11-21 17:12:26","modified":"2019-11-21 17:12:32","menu_order":0,"mime_type":"image\/jpeg","type":"image","subtype":"jpeg","icon":"https:\/\/www.rupes.com\/wp-includes\/images\/media\/default.png","width":1200,"height":800,"sizes":{"thumbnail":"https:\/\/www.rupes.com\/wp-content\/uploads\/2019\/03\/cap-rupes-150x150.jpg","thumbnail-width":150,"thumbnail-height":150,"medium":"https:\/\/www.rupes.com\/wp-content\/uploads\/2019\/03\/cap-rupes-300x200.jpg","medium-width":300,"medium-height":200,"medium_large":"https:\/\/www.rupes.com\/wp-content\/uploads\/2019\/03\/cap-rupes-768x512.jpg","medium_large-width":768,"medium_large-height":512,"large":"https:\/\/www.rupes.com\/wp-content\/uploads\/2019\/03\/cap-rupes-1024x683.jpg","large-width":1024,"large-height":683,"1536x1536":"https:\/\/www.rupes.com\/wp-content\/uploads\/2019\/03\/cap-rupes.jpg","1536x1536-width":1200,"1536x1536-height":800,"2048x2048":"https:\/\/www.rupes.com\/wp-content\/uploads\/2019\/03\/cap-rupes.jpg","2048x2048-width":1200,"2048x2048-height":800,"thumb_news":"https:\/\/www.rupes.com\/wp-content\/uploads\/2019\/03\/cap-rupes-350x200.jpg","thumb_news-width":350,"thumb_news-height":200,"boxhome_small":"https:\/\/www.rupes.com\/wp-content\/uploads\/2019\/03\/cap-rupes-200x100.jpg","boxhome_small-width":200,"boxhome_small-height":100,"boxhome_medium":"https:\/\/www.rupes.com\/wp-content\/uploads\/2019\/03\/cap-rupes-300x150.jpg","boxhome_medium-width":300,"boxhome_medium-height":150,"boxhome_large":"https:\/\/www.rupes.com\/wp-content\/uploads\/2019\/03\/cap-rupes-450x200.jpg","boxhome_large-width":450,"boxhome_large-height":200,"boxproducts_large":"https:\/\/www.rupes.com\/wp-content\/uploads\/2019\/03\/cap-rupes-1200x700.jpg","boxproducts_large-width":1200,"boxproducts_large-height":700,"boxproducts_midlarge":"https:\/\/www.rupes.com\/wp-content\/uploads\/2019\/03\/cap-rupes-1200x560.jpg","boxproducts_midlarge-width":1200,"boxproducts_midlarge-height":560,"boxproducts_medium":"https:\/\/www.rupes.com\/wp-content\/uploads\/2019\/03\/cap-rupes-1024x450.jpg","boxproducts_medium-width":1024,"boxproducts_medium-height":450,"boxproducts_small":"https:\/\/www.rupes.com\/wp-content\/uploads\/2019\/03\/cap-rupes-700x305.jpg","boxproducts_small-width":700,"boxproducts_small-height":305,"boxproducts_mobile":"https:\/\/www.rupes.com\/wp-content\/uploads\/2019\/03\/cap-rupes-400x175.jpg","boxproducts_mobile-width":400,"boxproducts_mobile-height":175,"product_thumb":"https:\/\/www.rupes.com\/wp-content\/uploads\/2019\/03\/cap-rupes-300x200.jpg","product_thumb-width":300,"product_thumb-height":200,"product_home":"https:\/\/www.rupes.com\/wp-content\/uploads\/2019\/03\/cap-rupes.jpg","product_home-width":1050,"product_home-height":700,"gallery_first":"https:\/\/www.rupes.com\/wp-content\/uploads\/2019\/03\/cap-rupes-750x500.jpg","gallery_first-width":750,"gallery_first-height":500,"gallery_thumb":"https:\/\/www.rupes.com\/wp-content\/uploads\/2019\/03\/cap-rupes-105x70.jpg","gallery_thumb-width":105,"gallery_thumb-height":70,"category_image":"https:\/\/www.rupes.com\/wp-content\/uploads\/2019\/03\/cap-rupes-200x133.jpg","category_image-width":200,"category_image-height":133,"category_thumb":"https:\/\/www.rupes.com\/wp-content\/uploads\/2019\/03\/cap-rupes-100x67.jpg","category_thumb-width":100,"category_thumb-height":67}}],"videos":false,"files":false,"blocco_dimensione":false,"varianti":false,"kit_vendita":false,"blocchi_prodotti_correlati":[{"iconablocco":"fas fa-share-alt","seleziona_i_prodotti":[1001384625,1001389045,1001389088],"label":"view related products","titolo_correlato_en":"","titolo_correlato_it":"","titolo_correlato_de":"","titolo_correlato_fr":"","titolo_correlato_es":""}],"seleziona_tag_notizie":false,"seleziona_le_recensioni":"","product_b2b_code":"","product_b2b_pdf":"","attiva_collegamento":true,"link_eshop":"https:\/\/shop.rupes.com\/en\/hats\/38-rupes-cap.html","immagine_eshop":"https:\/\/shop.rupes.com\/195-home_default\/rupes-cap.jpg","prezzo_eshop":"7.00","attiva_voice_speech":false,"google_review_link":""},"_links":{"self":[{"href":"https:\/\/www.rupes.com\/de\/wp-json\/wp\/v2\/products\/1001384093","targetHints":{"allow":["GET"]}}],"collection":[{"href":"https:\/\/www.rupes.com\/de\/wp-json\/wp\/v2\/products"}],"about":[{"href":"https:\/\/www.rupes.com\/de\/wp-json\/wp\/v2\/types\/product"}],"wp:attachment":[{"href":"https:\/\/www.rupes.com\/de\/wp-json\/wp\/v2\/media?parent=1001384093"}],"wp:term":[{"taxonomy":"category_product","embeddable":true,"href":"https:\/\/www.rupes.com\/de\/wp-json\/wp\/v2\/categoryproduct?post=1001384093"}],"curies":[{"name":"wp","href":"https:\/\/api.w.org\/{rel}","templated":true}]}}