{"id":999959173,"date":"2018-05-16T11:34:14","date_gmt":"2018-05-16T09:34:14","guid":{"rendered":"https:\/\/www.rupes.com\/bigfoot-system\/"},"modified":"2018-06-20T12:20:15","modified_gmt":"2018-06-20T10:20:15","slug":"bigfoot-system","status":"publish","type":"page","link":"https:\/\/www.rupes.com\/de\/bigfoot-system\/","title":{"rendered":"DAS BIGFOOT SYSTEM"},"content":{"rendered":"<h2>PERFEKTE <em>SYSTEM<\/em><\/h2>\n<p>Das <strong>BigFoot-System<\/strong> ist die perfekte L\u00f6sung f\u00fcr den Semiprofessionellen und den professionellen Anwender f\u00fcr ein exzellentes Ergebnis. Die Eigenschaften des Bigfoot \u2013 Systems sind einzigartig in der Welt der Polierer. Das au\u00dfergew\u00f6hnliche Gleichgewicht und die geringen Vibrationen verbessern Kontrolle und das Handling der Maschine w\u00e4hrend der Arbeit. Die \u00fcblichen Bereiche wie Ecken, Kanten oder Konturen sind durch kontinuierliche harmonische Bewegungen des Anwenders einfach zu handhaben. Ab den ersten Machbarkeitsstudien des Projektes war ein wichtiger Aspekt f\u00fcr die <em><strong>RUPES<\/strong><\/em> Techniker die Gew\u00e4hrleistung von maximalem Komfort f\u00fcr den Bediener bei der Arbeit. Das einzigartige Design und der konzentrierte Ansatz zur Ergonomie resultiert in einem sehr stabilen Werkzeug, das leichtgewichtig und einfach zu handhaben ist, und dabei trotzdem die Leistung liefert, die zum Erreichen eines erstklassigen Ergebnisses mit BigFoot erforderlich ist. Polieren wird einfach, komfortabel und liefert hervorragende Ergebnisse.<\/p>\n<p>&nbsp;<\/p>\n<h2><em>PERFEKTE ERGEBNISSE<\/em><br \/>\nIn nur einem Schritt!<\/h2>\n<p>Ein wichtiges Ziel des <strong>BigFoot<\/strong>-Projektes war es, in k\u00fcrzester Zeit eine perfekt polierte Oberfl\u00e4che zu erhalten. Traditionelle Poliermethoden erfordern in der Regel einen erfahrenen Techniker und sind sehr zeitaufwendig aufgrund der verschiedenen Schritte von Schleifen, Polieren und der Behandlung von Hologrammen, die w\u00e4hrend des Polierens entstehen. BigFoot vereinfacht den Polierprozess, im Wesentlichen durch Reduzierung des Zeitaufwandes und durch ein optimales Ergebnis in nur einem Schritt. Dank der exzentrischen Polierbewegung, entfernt <strong>BigFoot\u2018s<\/strong> innovative Vorgehensweise Hologramme und die Notwendigkeit der Nachbehandlungsschritte, die normalerweise bei traditionellen Poliermethoden durchgef\u00fchrt werden m\u00fcssen.<\/p>\n","protected":false},"excerpt":{"rendered":"<p>PERFEKTE SYSTEM Das BigFoot-System ist die perfekte L\u00f6sung f\u00fcr den Semiprofessionellen und den professionellen Anwender f\u00fcr ein exzellentes Ergebnis. Die Eigenschaften des Bigfoot \u2013 Systems sind einzigartig in der Welt <\/p>\n","protected":false},"author":1,"featured_media":0,"parent":0,"menu_order":0,"comment_status":"closed","ping_status":"closed","template":"page-bigfootsystem.php","meta":{"_acf_changed":false,"footnotes":""},"class_list":["post-999959173","page","type-page","status-publish","hentry"],"acf":{"scegliSlider":"default","addVideoSlider":false,"video":"","gallery":false,"full_page":false,"php_code":""},"_links":{"self":[{"href":"https:\/\/www.rupes.com\/de\/wp-json\/wp\/v2\/pages\/999959173","targetHints":{"allow":["GET"]}}],"collection":[{"href":"https:\/\/www.rupes.com\/de\/wp-json\/wp\/v2\/pages"}],"about":[{"href":"https:\/\/www.rupes.com\/de\/wp-json\/wp\/v2\/types\/page"}],"author":[{"embeddable":true,"href":"https:\/\/www.rupes.com\/de\/wp-json\/wp\/v2\/users\/1"}],"replies":[{"embeddable":true,"href":"https:\/\/www.rupes.com\/de\/wp-json\/wp\/v2\/comments?post=999959173"}],"version-history":[{"count":0,"href":"https:\/\/www.rupes.com\/de\/wp-json\/wp\/v2\/pages\/999959173\/revisions"}],"wp:attachment":[{"href":"https:\/\/www.rupes.com\/de\/wp-json\/wp\/v2\/media?parent=999959173"}],"curies":[{"name":"wp","href":"https:\/\/api.w.org\/{rel}","templated":true}]}}