{"id":1001412297,"date":"2026-02-26T08:50:55","date_gmt":"2026-02-26T07:50:55","guid":{"rendered":"https:\/\/www.rupes.com\/?page_id=1001412297"},"modified":"2026-02-26T08:50:56","modified_gmt":"2026-02-26T07:50:56","slug":"support-und-kundendienst","status":"publish","type":"page","link":"https:\/\/www.rupes.com\/de\/support-und-kundendienst\/","title":{"rendered":"Support und Kundendienst"},"content":{"rendered":"\n<p>Bei RUPES spiegelt sich die Qualit\u00e4t unserer Produkte in der Exzellenz unseres technischen Supports wider. Wir stehen Ihnen zur Seite, um sicherzustellen, dass Ihre Werkzeuge dauerhaft H\u00f6chstleistungen erbringen, und bieten Ihnen schnelle sowie zuverl\u00e4ssige L\u00f6sungen.<\/p>\n\n\n\n<ul class=\"wp-block-list\">\n<li><strong><a href=\"https:\/\/repaircentres.rupes.com\/\" type=\"link\" id=\"https:\/\/repaircentres.rupes.com\/\">Autorisierte Servicezentren<\/a>:<\/strong> Finden Sie den n\u00e4chstgelegenen Partner f\u00fcr professionelle Reparaturen und Wartungen.<\/li>\n\n\n\n<li><strong><a href=\"https:\/\/app.rupes.com\/warrantyPlus\/home.php?ln=de\" type=\"link\" id=\"https:\/\/app.rupes.com\/warrantyPlus\/home.php?ln=de\">Garantieverl\u00e4ngerung<\/a>:<\/strong> Sch\u00fctzen Sie Ihre Investition und aktivieren Sie die Garantieverl\u00e4ngerung f\u00fcr Ihre neuen RUPES-Produkte.<\/li>\n<\/ul>\n","protected":false},"excerpt":{"rendered":"<p>Bei RUPES spiegelt sich die Qualit\u00e4t unserer Produkte in der Exzellenz unseres technischen Supports wider. Wir stehen Ihnen zur Seite, um sicherzustellen, dass Ihre Werkzeuge dauerhaft H\u00f6chstleistungen erbringen, und bieten <\/p>\n","protected":false},"author":1,"featured_media":0,"parent":0,"menu_order":0,"comment_status":"closed","ping_status":"closed","template":"","meta":{"_acf_changed":false,"footnotes":""},"class_list":["post-1001412297","page","type-page","status-publish","hentry"],"acf":{"scegliSlider":"default","addVideoSlider":false,"btn_class":"red","video":"","gallery":false,"full_page":false,"php_code":"","buttons":false},"_links":{"self":[{"href":"https:\/\/www.rupes.com\/de\/wp-json\/wp\/v2\/pages\/1001412297","targetHints":{"allow":["GET"]}}],"collection":[{"href":"https:\/\/www.rupes.com\/de\/wp-json\/wp\/v2\/pages"}],"about":[{"href":"https:\/\/www.rupes.com\/de\/wp-json\/wp\/v2\/types\/page"}],"author":[{"embeddable":true,"href":"https:\/\/www.rupes.com\/de\/wp-json\/wp\/v2\/users\/1"}],"replies":[{"embeddable":true,"href":"https:\/\/www.rupes.com\/de\/wp-json\/wp\/v2\/comments?post=1001412297"}],"version-history":[{"count":1,"href":"https:\/\/www.rupes.com\/de\/wp-json\/wp\/v2\/pages\/1001412297\/revisions"}],"predecessor-version":[{"id":1001412298,"href":"https:\/\/www.rupes.com\/de\/wp-json\/wp\/v2\/pages\/1001412297\/revisions\/1001412298"}],"wp:attachment":[{"href":"https:\/\/www.rupes.com\/de\/wp-json\/wp\/v2\/media?parent=1001412297"}],"curies":[{"name":"wp","href":"https:\/\/api.w.org\/{rel}","templated":true}]}}