{"id":1001412227,"date":"2026-02-20T16:19:10","date_gmt":"2026-02-20T15:19:10","guid":{"rendered":"https:\/\/www.rupes.com\/?page_id=1001412227"},"modified":"2026-02-20T16:23:45","modified_gmt":"2026-02-20T15:23:45","slug":"microfinish-selbstklebende-schleifblueten","status":"publish","type":"page","link":"https:\/\/www.rupes.com\/de\/neue-schleiflinie-von-rupes\/microfinish-selbstklebende-schleifblueten\/","title":{"rendered":"MICROFINISH Selbstklebende Schleifbl\u00fcten"},"content":{"rendered":"\t\t<div data-elementor-type=\"wp-page\" data-elementor-id=\"1001412227\" class=\"elementor elementor-1001412227 elementor-1001410765\" data-elementor-post-type=\"page\">\n\t\t\t\t\t\t<section class=\"elementor-section elementor-top-section elementor-element elementor-element-eed7072 elementor-section-full_width elementor-section-height-default elementor-section-height-default\" data-id=\"eed7072\" data-element_type=\"section\" data-e-type=\"section\">\n\t\t\t\t\t\t<div class=\"elementor-container elementor-column-gap-default\">\n\t\t\t\t\t<div class=\"elementor-column elementor-col-50 elementor-top-column elementor-element elementor-element-f6f312e\" data-id=\"f6f312e\" data-element_type=\"column\" data-e-type=\"column\">\n\t\t\t<div class=\"elementor-widget-wrap elementor-element-populated\">\n\t\t\t\t\t\t<div class=\"elementor-element elementor-element-7d38ae2 eael-dual-header-content-align-left elementor-widget elementor-widget-eael-dual-color-header\" data-id=\"7d38ae2\" data-element_type=\"widget\" data-e-type=\"widget\" data-widget_type=\"eael-dual-color-header.default\">\n\t\t\t\t<div class=\"elementor-widget-container\">\n\t\t\t\t\t\t\t\t<div class=\"eael-dual-header\">\n\t\t\t\t<h1 class=\"title eael-dch-title\"><span class=\"eael-dch-title-text eael-dch-title-lead lead solid-color\">MICRO<\/span> <span class=\"eael-dch-title-text\">FINISH<\/span><\/h1>\t\t\t<\/div>\n\n\t\t\t\t\t\t<\/div>\n\t\t\t\t<\/div>\n\t\t\t\t<div class=\"elementor-element elementor-element-583e9f9 elementor-widget elementor-widget-heading\" data-id=\"583e9f9\" data-element_type=\"widget\" data-e-type=\"widget\" data-widget_type=\"heading.default\">\n\t\t\t\t<div class=\"elementor-widget-container\">\n\t\t\t\t\t<h3 class=\"elementor-heading-title elementor-size-default\">Selbstklebende Schleifbl\u00fcten<\/h3>\t\t\t\t<\/div>\n\t\t\t\t<\/div>\n\t\t\t\t<div class=\"elementor-element elementor-element-c366626 elementor-widget elementor-widget-text-editor\" data-id=\"c366626\" data-element_type=\"widget\" data-e-type=\"widget\" data-widget_type=\"text-editor.default\">\n\t\t\t\t<div class=\"elementor-widget-container\">\n\t\t\t\t\t\t\t\t\t<p>Die MICROFINISH Schleifbl\u00fcten von RUPES sind eine hochmoderne Schleifl\u00f6sung, die speziell f\u00fcr Staubeinschl\u00fcsse und die ultrafeine Oberfl\u00e4chenveredelung von Lackoberfl\u00e4chen entwickelt wurde.<\/p><p>Das Herzst\u00fcck dieser Innovation ist eine einzigartige pyramidenf\u00f6rmige Kornstruktur, die eine konstante Schneidleistung, ausgezeichnete Haltbarkeit und hervorragende Oberfl\u00e4chenergebnisse bei minimaler W\u00e4rmeentwicklung oder Verstopfung gew\u00e4hrleistet.<\/p><p>Dank der fortschrittlichen Technologie des mikroabrasiven Folientr\u00e4gers und des charakteristischen Bl\u00fctenmusters eignet sich diese Scheibe perfekt zum Entfernen kleinerer Lackdefekte, zur sichtbaren Verringerung lokaler Schleifstellen (M\u00fcnzeffekt) und zur Gew\u00e4hrleistung eines gleichm\u00e4\u00dfigen und kontrollierten Schleifens.<\/p><p>Die MICROFINISH Schleifbl\u00fcten eignen sich perfekt f\u00fcr den Nasseinsatz und ist Ihr bevorzugtes Werkzeug f\u00fcr effizientes, wiederholbares Enfernen von Staubeinschl\u00fcsse mit einem makellosen Finish.<\/p>\t\t\t\t\t\t\t\t<\/div>\n\t\t\t\t<\/div>\n\t\t\t\t<div class=\"elementor-element elementor-element-e6ff509 elementor-widget elementor-widget-text-editor\" data-id=\"e6ff509\" data-element_type=\"widget\" data-e-type=\"widget\" data-widget_type=\"text-editor.default\">\n\t\t\t\t<div class=\"elementor-widget-container\">\n\t\t\t\t\t\t\t\t\t<h4>Eigenschaften<\/h4><ul><li>RUPES MICROFINISH-Schleifbl\u00fcten sind speziell f\u00fcr die Beseitigung von Lackfehlern wie Staubeinschl\u00fcsse und Farbl\u00e4ufen konzipiert.<\/li><li>Die spezielle pyramidenf\u00f6rmige Kornstruktur und der mikroabrasive Film sorgen f\u00fcr gleichbleibende Leistung, minimale Verstopfung und hervorragende Oberfl\u00e4chenergebnisse.<\/li><li>Die bl\u00fctenf\u00f6rmige Form tr\u00e4gt dazu bei, \u00f6rtlich begrenzte Schleifstellen (M\u00fcnzeffekt) zu reduzieren und gleichzeitig die Flexibilit\u00e4t und Kontrolle zu verbessern. Ideal f\u00fcr \u00f6rtliche Ausbesserungen und Detailkorrekturen bei Nassanwendungen.<\/li><\/ul>\t\t\t\t\t\t\t\t<\/div>\n\t\t\t\t<\/div>\n\t\t\t\t<div class=\"elementor-element elementor-element-c19f862 elementor-widget elementor-widget-heading\" data-id=\"c19f862\" data-element_type=\"widget\" data-e-type=\"widget\" data-widget_type=\"heading.default\">\n\t\t\t\t<div class=\"elementor-widget-container\">\n\t\t\t\t\t<h3 class=\"elementor-heading-title elementor-size-default\">Schleifkornmuster<\/h3>\t\t\t\t<\/div>\n\t\t\t\t<\/div>\n\t\t\t\t<div class=\"elementor-element elementor-element-704aa54 elementor-widget elementor-widget-text-editor\" data-id=\"704aa54\" data-element_type=\"widget\" data-e-type=\"widget\" data-widget_type=\"text-editor.default\">\n\t\t\t\t<div class=\"elementor-widget-container\">\n\t\t\t\t\t\t\t\t\t<ul><li>Mikroabrasive pyramidenf\u00f6rmige Kornstruktur, entwickelt f\u00fcr konstante Schneidleistung und hochwertige Endbearbeitung mit minimaler W\u00e4rmeentwicklung.<\/li><li>Die K\u00f6rner sind in einer kontrollierten Konfiguration angeordnet, um Verstopfungen bei der Korrektur von Lackfehlern zu reduzieren.<\/li><li>Ideale Schleiftechnologie zum Ausbessern von Die progressive Freilegung der Mikrok\u00f6rner gew\u00e4hrleistet auch bei Pr\u00e4zisionsarbeiten eine optimale Leistung.<\/li><\/ul>\t\t\t\t\t\t\t\t<\/div>\n\t\t\t\t<\/div>\n\t\t\t\t<section class=\"elementor-section elementor-inner-section elementor-element elementor-element-a44ed3d elementor-section-height-min-height elementor-section-boxed elementor-section-height-default\" data-id=\"a44ed3d\" data-element_type=\"section\" data-e-type=\"section\">\n\t\t\t\t\t\t<div class=\"elementor-container elementor-column-gap-default\">\n\t\t\t\t\t<div class=\"elementor-column elementor-col-100 elementor-inner-column elementor-element elementor-element-eb36608\" data-id=\"eb36608\" data-element_type=\"column\" data-e-type=\"column\" data-settings=\"{&quot;background_background&quot;:&quot;classic&quot;}\">\n\t\t\t<div class=\"elementor-widget-wrap\">\n\t\t\t\t\t\t\t<\/div>\n\t\t<\/div>\n\t\t\t\t\t<\/div>\n\t\t<\/section>\n\t\t\t\t<div class=\"elementor-element elementor-element-03b08af elementor-widget elementor-widget-text-editor\" data-id=\"03b08af\" data-element_type=\"widget\" data-e-type=\"widget\" data-widget_type=\"text-editor.default\">\n\t\t\t\t<div class=\"elementor-widget-container\">\n\t\t\t\t\t\t\t\t\t<p><strong>\u00a0<\/strong>Mikroskopische Ansicht des Kornmusters der MICROFINISH Schleifbl\u00fcten.<\/p>\t\t\t\t\t\t\t\t<\/div>\n\t\t\t\t<\/div>\n\t\t\t\t<div class=\"elementor-element elementor-element-c7e28aa elementor-widget elementor-widget-image\" data-id=\"c7e28aa\" data-element_type=\"widget\" data-e-type=\"widget\" data-widget_type=\"image.default\">\n\t\t\t\t<div class=\"elementor-widget-container\">\n\t\t\t\t\t\t\t\t\t\t\t\t<figure class=\"wp-caption\">\n\t\t\t\t\t\t\t\t\t\t<img fetchpriority=\"high\" decoding=\"async\" width=\"655\" height=\"237\" src=\"https:\/\/www.rupes.com\/wp-content\/uploads\/2026\/02\/Screenshot-2026-02-03-152327.png\" class=\"attachment-large size-large wp-image-1001410878\" alt=\"\" srcset=\"https:\/\/www.rupes.com\/wp-content\/uploads\/2026\/02\/Screenshot-2026-02-03-152327.png 655w, https:\/\/www.rupes.com\/wp-content\/uploads\/2026\/02\/Screenshot-2026-02-03-152327-300x109.png 300w, https:\/\/www.rupes.com\/wp-content\/uploads\/2026\/02\/Screenshot-2026-02-03-152327-105x38.png 105w, https:\/\/www.rupes.com\/wp-content\/uploads\/2026\/02\/Screenshot-2026-02-03-152327-200x72.png 200w, https:\/\/www.rupes.com\/wp-content\/uploads\/2026\/02\/Screenshot-2026-02-03-152327-100x36.png 100w\" sizes=\"(max-width: 655px) 100vw, 655px\" \/>\t\t\t\t\t\t\t\t\t\t\t<figcaption class=\"widget-image-caption wp-caption-text\">2D-Zeichnung der Kornstruktur der MICROFINISH Schleifbl\u00fcten<\/figcaption>\n\t\t\t\t\t\t\t\t\t\t<\/figure>\n\t\t\t\t\t\t\t\t\t<\/div>\n\t\t\t\t<\/div>\n\t\t\t\t\t<\/div>\n\t\t<\/div>\n\t\t\t\t<div class=\"elementor-column elementor-col-50 elementor-top-column elementor-element elementor-element-289c257\" data-id=\"289c257\" data-element_type=\"column\" data-e-type=\"column\">\n\t\t\t<div class=\"elementor-widget-wrap elementor-element-populated\">\n\t\t\t\t<div class=\"elementor-element elementor-element-04bcb0d e-flex e-con-boxed e-con e-parent\" data-id=\"04bcb0d\" data-element_type=\"container\" data-e-type=\"container\" data-settings=\"{&quot;background_background&quot;:&quot;classic&quot;}\">\n\t\t\t\t\t<div class=\"e-con-inner\">\n\t\t\t\t\t<\/div>\n\t\t\t\t<\/div>\n\t\t\t\t<div class=\"elementor-element elementor-element-4b389dd1 elementor-widget elementor-widget-heading\" data-id=\"4b389dd1\" data-element_type=\"widget\" data-e-type=\"widget\" data-widget_type=\"heading.default\">\n\t\t\t\t<div class=\"elementor-widget-container\">\n\t\t\t\t\t<h3 class=\"elementor-heading-title elementor-size-default\">Alle MICROFINISH Produkte<\/h3>\t\t\t\t<\/div>\n\t\t\t\t<\/div>\n\t\t<div class=\"elementor-element elementor-element-ed7691a e-grid e-con-boxed e-con e-parent\" data-id=\"ed7691a\" data-element_type=\"container\" data-e-type=\"container\">\n\t\t\t\t\t<div class=\"e-con-inner\">\n\t\t<a class=\"eael-wrapper-link-f684c31 --eael-wrapper-link-tag\" href=\"https:\/\/www.rupes.com\/de\/neue-schleiflinie-von-rupes\/microfinish-selbstklebende-schleifblueten\/microfinish-schleifblueten-oe35mm\/\"><\/a>\t\t<div data-eael-wrapper-link=\"eael-wrapper-link-f684c31\" class=\"elementor-element elementor-element-f684c31 elementor-position-top elementor-widget elementor-widget-image-box\" data-id=\"f684c31\" data-element_type=\"widget\" data-e-type=\"widget\" data-widget_type=\"image-box.default\">\n\t\t\t\t<div class=\"elementor-widget-container\">\n\t\t\t\t\t<div class=\"elementor-image-box-wrapper\"><figure class=\"elementor-image-box-img\"><img decoding=\"async\" width=\"250\" height=\"250\" src=\"https:\/\/www.rupes.com\/wp-content\/uploads\/2026\/01\/MICROFINISH_35mm.png\" class=\"attachment-gallery_first size-gallery_first wp-image-1001410497\" alt=\"\" srcset=\"https:\/\/www.rupes.com\/wp-content\/uploads\/2026\/01\/MICROFINISH_35mm.png 250w, https:\/\/www.rupes.com\/wp-content\/uploads\/2026\/01\/MICROFINISH_35mm-150x150.png 150w, https:\/\/www.rupes.com\/wp-content\/uploads\/2026\/01\/MICROFINISH_35mm-200x200.png 200w, https:\/\/www.rupes.com\/wp-content\/uploads\/2026\/01\/MICROFINISH_35mm-80x80.png 80w, https:\/\/www.rupes.com\/wp-content\/uploads\/2026\/01\/MICROFINISH_35mm-100x100.png 100w\" sizes=\"(max-width: 250px) 100vw, 250px\" \/><\/figure><div class=\"elementor-image-box-content\"><h3 class=\"elementor-image-box-title\">MICROFINISH SCHLEIFBL\u00dcTEN \u00d835mm<\/h3><\/div><\/div>\t\t\t\t<\/div>\n\t\t\t\t<\/div>\n\t\t\t\t\t<\/div>\n\t\t\t\t<\/div>\n\t\t<div class=\"elementor-element elementor-element-08f77c5 e-flex e-con-boxed e-con e-parent\" data-id=\"08f77c5\" data-element_type=\"container\" data-e-type=\"container\">\n\t\t\t\t\t<div class=\"e-con-inner\">\n\t\t\t\t<div class=\"elementor-element elementor-element-a5264e6 elementor-widget elementor-widget-heading\" data-id=\"a5264e6\" data-element_type=\"widget\" data-e-type=\"widget\" data-widget_type=\"heading.default\">\n\t\t\t\t<div class=\"elementor-widget-container\">\n\t\t\t\t\t<h2 class=\"elementor-heading-title elementor-size-default\">Brosch\u00fcre f\u00fcr Schleifmittel herunterladen<\/h2>\t\t\t\t<\/div>\n\t\t\t\t<\/div>\n\t\t<div class=\"elementor-element elementor-element-e74a088 e-grid e-con-boxed e-con e-child\" data-id=\"e74a088\" data-element_type=\"container\" data-e-type=\"container\">\n\t\t\t\t\t<div class=\"e-con-inner\">\n\t\t\t\t<div class=\"elementor-element elementor-element-edf7785 elementor-align-center elementor-widget elementor-widget-button\" data-id=\"edf7785\" data-element_type=\"widget\" data-e-type=\"widget\" data-widget_type=\"button.default\">\n\t\t\t\t<div class=\"elementor-widget-container\">\n\t\t\t\t\t\t\t\t\t<div class=\"elementor-button-wrapper\">\n\t\t\t\t\t<a class=\"elementor-button elementor-button-link elementor-size-sm\" href=\"http:\/\/rupes.com\/catalogue\/abrasives\/Abrasives_Line_Brochure_EN.pdf\">\n\t\t\t\t\t\t<span class=\"elementor-button-content-wrapper\">\n\t\t\t\t\t\t\t\t\t<span class=\"elementor-button-text\">EN<\/span>\n\t\t\t\t\t<\/span>\n\t\t\t\t\t<\/a>\n\t\t\t\t<\/div>\n\t\t\t\t\t\t\t\t<\/div>\n\t\t\t\t<\/div>\n\t\t\t\t<div class=\"elementor-element elementor-element-838baef elementor-align-center elementor-widget elementor-widget-button\" data-id=\"838baef\" data-element_type=\"widget\" data-e-type=\"widget\" data-widget_type=\"button.default\">\n\t\t\t\t<div class=\"elementor-widget-container\">\n\t\t\t\t\t\t\t\t\t<div class=\"elementor-button-wrapper\">\n\t\t\t\t\t<a class=\"elementor-button elementor-button-link elementor-size-sm\" href=\"http:\/\/rupes.com\/catalogue\/abrasives\/Abrasives_Line_Brochure_IT.pdf\">\n\t\t\t\t\t\t<span class=\"elementor-button-content-wrapper\">\n\t\t\t\t\t\t\t\t\t<span class=\"elementor-button-text\">IT<\/span>\n\t\t\t\t\t<\/span>\n\t\t\t\t\t<\/a>\n\t\t\t\t<\/div>\n\t\t\t\t\t\t\t\t<\/div>\n\t\t\t\t<\/div>\n\t\t\t\t<div class=\"elementor-element elementor-element-78f5463 elementor-align-center elementor-widget elementor-widget-button\" data-id=\"78f5463\" data-element_type=\"widget\" data-e-type=\"widget\" data-widget_type=\"button.default\">\n\t\t\t\t<div class=\"elementor-widget-container\">\n\t\t\t\t\t\t\t\t\t<div class=\"elementor-button-wrapper\">\n\t\t\t\t\t<a class=\"elementor-button elementor-button-link elementor-size-sm\" href=\"http:\/\/rupes.com\/catalogue\/abrasives\/Abrasives_Line_Brochure_DE.pdf\">\n\t\t\t\t\t\t<span class=\"elementor-button-content-wrapper\">\n\t\t\t\t\t\t\t\t\t<span class=\"elementor-button-text\">DE<\/span>\n\t\t\t\t\t<\/span>\n\t\t\t\t\t<\/a>\n\t\t\t\t<\/div>\n\t\t\t\t\t\t\t\t<\/div>\n\t\t\t\t<\/div>\n\t\t\t\t<div class=\"elementor-element elementor-element-6a58e17 elementor-align-center elementor-widget elementor-widget-button\" data-id=\"6a58e17\" data-element_type=\"widget\" data-e-type=\"widget\" data-widget_type=\"button.default\">\n\t\t\t\t<div class=\"elementor-widget-container\">\n\t\t\t\t\t\t\t\t\t<div class=\"elementor-button-wrapper\">\n\t\t\t\t\t<a class=\"elementor-button elementor-button-link elementor-size-sm\" href=\"http:\/\/rupes.com\/catalogue\/abrasives\/Abrasives_Line_Brochure_FR.pdf\">\n\t\t\t\t\t\t<span class=\"elementor-button-content-wrapper\">\n\t\t\t\t\t\t\t\t\t<span class=\"elementor-button-text\">FR<\/span>\n\t\t\t\t\t<\/span>\n\t\t\t\t\t<\/a>\n\t\t\t\t<\/div>\n\t\t\t\t\t\t\t\t<\/div>\n\t\t\t\t<\/div>\n\t\t\t\t<div class=\"elementor-element elementor-element-87c5f16 elementor-align-center elementor-widget elementor-widget-button\" data-id=\"87c5f16\" data-element_type=\"widget\" data-e-type=\"widget\" data-widget_type=\"button.default\">\n\t\t\t\t<div class=\"elementor-widget-container\">\n\t\t\t\t\t\t\t\t\t<div class=\"elementor-button-wrapper\">\n\t\t\t\t\t<a class=\"elementor-button elementor-button-link elementor-size-sm\" href=\"http:\/\/rupes.com\/catalogue\/abrasives\/Abrasives_Line_Brochure_ES.pdf\">\n\t\t\t\t\t\t<span class=\"elementor-button-content-wrapper\">\n\t\t\t\t\t\t\t\t\t<span class=\"elementor-button-text\">ES<\/span>\n\t\t\t\t\t<\/span>\n\t\t\t\t\t<\/a>\n\t\t\t\t<\/div>\n\t\t\t\t\t\t\t\t<\/div>\n\t\t\t\t<\/div>\n\t\t\t\t\t<\/div>\n\t\t\t\t<\/div>\n\t\t\t\t\t<\/div>\n\t\t\t\t<\/div>\n\t\t\t\t<div class=\"elementor-element elementor-element-4010bca elementor-widget elementor-widget-heading\" data-id=\"4010bca\" data-element_type=\"widget\" data-e-type=\"widget\" data-widget_type=\"heading.default\">\n\t\t\t\t<div class=\"elementor-widget-container\">\n\t\t\t\t\t<h3 class=\"elementor-heading-title elementor-size-default\">Branchen<\/h3>\t\t\t\t<\/div>\n\t\t\t\t<\/div>\n\t\t\t\t<section class=\"elementor-section elementor-inner-section elementor-element elementor-element-22dedbc elementor-section-boxed elementor-section-height-default elementor-section-height-default\" data-id=\"22dedbc\" data-element_type=\"section\" data-e-type=\"section\">\n\t\t\t\t\t\t<div class=\"elementor-container elementor-column-gap-custom\">\n\t\t\t\t\t<div class=\"elementor-column elementor-col-33 elementor-inner-column elementor-element elementor-element-278ffb3\" data-id=\"278ffb3\" data-element_type=\"column\" data-e-type=\"column\">\n\t\t\t<div class=\"elementor-widget-wrap elementor-element-populated\">\n\t\t\t\t\t\t<div class=\"elementor-element elementor-element-168d214 elementor-widget elementor-widget-image\" data-id=\"168d214\" data-element_type=\"widget\" data-e-type=\"widget\" data-widget_type=\"image.default\">\n\t\t\t\t<div class=\"elementor-widget-container\">\n\t\t\t\t\t\t\t\t\t\t\t\t\t\t\t<img decoding=\"async\" width=\"1024\" height=\"684\" src=\"https:\/\/www.rupes.com\/wp-content\/uploads\/2026\/02\/AUTOMOTIVE-1024x684.jpg\" class=\"attachment-large size-large wp-image-1001410541\" alt=\"\" srcset=\"https:\/\/www.rupes.com\/wp-content\/uploads\/2026\/02\/AUTOMOTIVE-1024x684.jpg 1024w, https:\/\/www.rupes.com\/wp-content\/uploads\/2026\/02\/AUTOMOTIVE-300x200.jpg 300w, https:\/\/www.rupes.com\/wp-content\/uploads\/2026\/02\/AUTOMOTIVE-768x513.jpg 768w, https:\/\/www.rupes.com\/wp-content\/uploads\/2026\/02\/AUTOMOTIVE-748x500.jpg 748w, https:\/\/www.rupes.com\/wp-content\/uploads\/2026\/02\/AUTOMOTIVE-105x70.jpg 105w, https:\/\/www.rupes.com\/wp-content\/uploads\/2026\/02\/AUTOMOTIVE-200x134.jpg 200w, https:\/\/www.rupes.com\/wp-content\/uploads\/2026\/02\/AUTOMOTIVE-100x67.jpg 100w, https:\/\/www.rupes.com\/wp-content\/uploads\/2026\/02\/AUTOMOTIVE.jpg 1399w\" sizes=\"(max-width: 1024px) 100vw, 1024px\" \/>\t\t\t\t\t\t\t\t\t\t\t\t\t\t\t<\/div>\n\t\t\t\t<\/div>\n\t\t\t\t<div class=\"elementor-element elementor-element-2d18117 elementor-widget elementor-widget-heading\" data-id=\"2d18117\" data-element_type=\"widget\" data-e-type=\"widget\" data-widget_type=\"heading.default\">\n\t\t\t\t<div class=\"elementor-widget-container\">\n\t\t\t\t\t<h5 class=\"elementor-heading-title elementor-size-default\">Automobilindustrie<\/h5>\t\t\t\t<\/div>\n\t\t\t\t<\/div>\n\t\t\t\t\t<\/div>\n\t\t<\/div>\n\t\t\t\t<div class=\"elementor-column elementor-col-33 elementor-inner-column elementor-element elementor-element-25a8f21\" data-id=\"25a8f21\" data-element_type=\"column\" data-e-type=\"column\">\n\t\t\t<div class=\"elementor-widget-wrap elementor-element-populated\">\n\t\t\t\t\t\t<div class=\"elementor-element elementor-element-6c78bf9 elementor-widget elementor-widget-image\" data-id=\"6c78bf9\" data-element_type=\"widget\" data-e-type=\"widget\" data-widget_type=\"image.default\">\n\t\t\t\t<div class=\"elementor-widget-container\">\n\t\t\t\t\t\t\t\t\t\t\t\t\t\t\t<img loading=\"lazy\" decoding=\"async\" width=\"701\" height=\"467\" src=\"https:\/\/www.rupes.com\/wp-content\/uploads\/2026\/02\/MARINE.jpg\" class=\"attachment-large size-large wp-image-1001410556\" alt=\"\" srcset=\"https:\/\/www.rupes.com\/wp-content\/uploads\/2026\/02\/MARINE.jpg 701w, https:\/\/www.rupes.com\/wp-content\/uploads\/2026\/02\/MARINE-300x200.jpg 300w, https:\/\/www.rupes.com\/wp-content\/uploads\/2026\/02\/MARINE-105x70.jpg 105w, https:\/\/www.rupes.com\/wp-content\/uploads\/2026\/02\/MARINE-200x133.jpg 200w, https:\/\/www.rupes.com\/wp-content\/uploads\/2026\/02\/MARINE-100x67.jpg 100w\" sizes=\"(max-width: 701px) 100vw, 701px\" \/>\t\t\t\t\t\t\t\t\t\t\t\t\t\t\t<\/div>\n\t\t\t\t<\/div>\n\t\t\t\t<div class=\"elementor-element elementor-element-6a8cb54 elementor-widget elementor-widget-heading\" data-id=\"6a8cb54\" data-element_type=\"widget\" data-e-type=\"widget\" data-widget_type=\"heading.default\">\n\t\t\t\t<div class=\"elementor-widget-container\">\n\t\t\t\t\t<h5 class=\"elementor-heading-title elementor-size-default\">Marine<\/h5>\t\t\t\t<\/div>\n\t\t\t\t<\/div>\n\t\t\t\t\t<\/div>\n\t\t<\/div>\n\t\t\t\t<div class=\"elementor-column elementor-col-33 elementor-inner-column elementor-element elementor-element-435d4b4\" data-id=\"435d4b4\" data-element_type=\"column\" data-e-type=\"column\">\n\t\t\t<div class=\"elementor-widget-wrap elementor-element-populated\">\n\t\t\t\t\t\t<div class=\"elementor-element elementor-element-8e394a3 elementor-widget elementor-widget-image\" data-id=\"8e394a3\" data-element_type=\"widget\" data-e-type=\"widget\" data-widget_type=\"image.default\">\n\t\t\t\t<div class=\"elementor-widget-container\">\n\t\t\t\t\t\t\t\t\t\t\t\t\t\t\t<img loading=\"lazy\" decoding=\"async\" width=\"1024\" height=\"684\" src=\"https:\/\/www.rupes.com\/wp-content\/uploads\/2026\/02\/AVIAZIONE-1024x684.jpg\" class=\"attachment-large size-large wp-image-1001410546\" alt=\"\" srcset=\"https:\/\/www.rupes.com\/wp-content\/uploads\/2026\/02\/AVIAZIONE-1024x684.jpg 1024w, https:\/\/www.rupes.com\/wp-content\/uploads\/2026\/02\/AVIAZIONE-300x200.jpg 300w, https:\/\/www.rupes.com\/wp-content\/uploads\/2026\/02\/AVIAZIONE-768x513.jpg 768w, https:\/\/www.rupes.com\/wp-content\/uploads\/2026\/02\/AVIAZIONE-749x500.jpg 749w, https:\/\/www.rupes.com\/wp-content\/uploads\/2026\/02\/AVIAZIONE-105x70.jpg 105w, https:\/\/www.rupes.com\/wp-content\/uploads\/2026\/02\/AVIAZIONE-200x134.jpg 200w, https:\/\/www.rupes.com\/wp-content\/uploads\/2026\/02\/AVIAZIONE-100x67.jpg 100w, https:\/\/www.rupes.com\/wp-content\/uploads\/2026\/02\/AVIAZIONE.jpg 1331w\" sizes=\"(max-width: 1024px) 100vw, 1024px\" \/>\t\t\t\t\t\t\t\t\t\t\t\t\t\t\t<\/div>\n\t\t\t\t<\/div>\n\t\t\t\t<div class=\"elementor-element elementor-element-f5ac58a elementor-widget elementor-widget-heading\" data-id=\"f5ac58a\" data-element_type=\"widget\" data-e-type=\"widget\" data-widget_type=\"heading.default\">\n\t\t\t\t<div class=\"elementor-widget-container\">\n\t\t\t\t\t<h5 class=\"elementor-heading-title elementor-size-default\">Luftfahrt<\/h5>\t\t\t\t<\/div>\n\t\t\t\t<\/div>\n\t\t\t\t\t<\/div>\n\t\t<\/div>\n\t\t\t\t\t<\/div>\n\t\t<\/section>\n\t\t\t\t<div class=\"elementor-element elementor-element-dce9de8 elementor-widget elementor-widget-heading\" data-id=\"dce9de8\" data-element_type=\"widget\" data-e-type=\"widget\" data-widget_type=\"heading.default\">\n\t\t\t\t<div class=\"elementor-widget-container\">\n\t\t\t\t\t<h3 class=\"elementor-heading-title elementor-size-default\">Anwendungen<\/h3>\t\t\t\t<\/div>\n\t\t\t\t<\/div>\n\t\t\t\t<section class=\"elementor-section elementor-inner-section elementor-element elementor-element-eed9631 elementor-section-boxed elementor-section-height-default elementor-section-height-default\" data-id=\"eed9631\" data-element_type=\"section\" data-e-type=\"section\">\n\t\t\t\t\t\t<div class=\"elementor-container elementor-column-gap-custom\">\n\t\t\t\t\t<div class=\"elementor-column elementor-col-50 elementor-inner-column elementor-element elementor-element-4173d85\" data-id=\"4173d85\" data-element_type=\"column\" data-e-type=\"column\">\n\t\t\t<div class=\"elementor-widget-wrap elementor-element-populated\">\n\t\t\t\t\t\t<section class=\"elementor-section elementor-inner-section elementor-element elementor-element-5a8f7fd elementor-section-full_width elementor-section-height-min-height elementor-section-height-default\" data-id=\"5a8f7fd\" data-element_type=\"section\" data-e-type=\"section\">\n\t\t\t\t\t\t<div class=\"elementor-container elementor-column-gap-default\">\n\t\t\t\t\t<div class=\"elementor-column elementor-col-100 elementor-inner-column elementor-element elementor-element-3db268c\" data-id=\"3db268c\" data-element_type=\"column\" data-e-type=\"column\" data-settings=\"{&quot;background_background&quot;:&quot;classic&quot;}\">\n\t\t\t<div class=\"elementor-widget-wrap\">\n\t\t\t\t\t\t\t<\/div>\n\t\t<\/div>\n\t\t\t\t\t<\/div>\n\t\t<\/section>\n\t\t\t\t\t<\/div>\n\t\t<\/div>\n\t\t\t\t<div class=\"elementor-column elementor-col-50 elementor-inner-column elementor-element elementor-element-1c9cd02\" data-id=\"1c9cd02\" data-element_type=\"column\" data-e-type=\"column\">\n\t\t\t<div class=\"elementor-widget-wrap elementor-element-populated\">\n\t\t\t\t\t\t<section class=\"elementor-section elementor-inner-section elementor-element elementor-element-a9a82d0 elementor-section-full_width elementor-section-height-min-height elementor-section-height-default\" data-id=\"a9a82d0\" data-element_type=\"section\" data-e-type=\"section\">\n\t\t\t\t\t\t<div class=\"elementor-container elementor-column-gap-default\">\n\t\t\t\t\t<div class=\"elementor-column elementor-col-100 elementor-inner-column elementor-element elementor-element-2779433\" data-id=\"2779433\" data-element_type=\"column\" data-e-type=\"column\" data-settings=\"{&quot;background_background&quot;:&quot;classic&quot;}\">\n\t\t\t<div class=\"elementor-widget-wrap\">\n\t\t\t\t\t\t\t<\/div>\n\t\t<\/div>\n\t\t\t\t\t<\/div>\n\t\t<\/section>\n\t\t\t\t\t<\/div>\n\t\t<\/div>\n\t\t\t\t\t<\/div>\n\t\t<\/section>\n\t\t\t\t<div class=\"elementor-element elementor-element-6dd3df2 elementor-widget elementor-widget-heading\" data-id=\"6dd3df2\" data-element_type=\"widget\" data-e-type=\"widget\" data-widget_type=\"heading.default\">\n\t\t\t\t<div class=\"elementor-widget-container\">\n\t\t\t\t\t<h5 class=\"elementor-heading-title elementor-size-default\">Gestrichene Oberfl\u00e4chen. Beseitigung von Lackfehlern, wie z. B. Staubeinschl\u00fcsse und Farbverl\u00e4ufe.<\/h5>\t\t\t\t<\/div>\n\t\t\t\t<\/div>\n\t\t\t\t\t<\/div>\n\t\t<\/div>\n\t\t\t\t\t<\/div>\n\t\t<\/section>\n\t\t\t\t<\/div>\n\t\t","protected":false},"excerpt":{"rendered":"<p>MICRO FINISH Selbstklebende Schleifbl\u00fcten Die MICROFINISH Schleifbl\u00fcten von RUPES sind eine hochmoderne Schleifl\u00f6sung, die speziell f\u00fcr Staubeinschl\u00fcsse und die ultrafeine Oberfl\u00e4chenveredelung von Lackoberfl\u00e4chen entwickelt wurde. Das Herzst\u00fcck dieser Innovation ist <\/p>\n","protected":false},"author":1,"featured_media":0,"parent":1001411794,"menu_order":0,"comment_status":"closed","ping_status":"closed","template":"","meta":{"_acf_changed":false,"footnotes":""},"class_list":["post-1001412227","page","type-page","status-publish","hentry"],"acf":{"scegliSlider":"default","addVideoSlider":false,"btn_class":"red","video":"","gallery":false,"full_page":false,"php_code":"","buttons":false},"_links":{"self":[{"href":"https:\/\/www.rupes.com\/de\/wp-json\/wp\/v2\/pages\/1001412227","targetHints":{"allow":["GET"]}}],"collection":[{"href":"https:\/\/www.rupes.com\/de\/wp-json\/wp\/v2\/pages"}],"about":[{"href":"https:\/\/www.rupes.com\/de\/wp-json\/wp\/v2\/types\/page"}],"author":[{"embeddable":true,"href":"https:\/\/www.rupes.com\/de\/wp-json\/wp\/v2\/users\/1"}],"replies":[{"embeddable":true,"href":"https:\/\/www.rupes.com\/de\/wp-json\/wp\/v2\/comments?post=1001412227"}],"version-history":[{"count":4,"href":"https:\/\/www.rupes.com\/de\/wp-json\/wp\/v2\/pages\/1001412227\/revisions"}],"predecessor-version":[{"id":1001412237,"href":"https:\/\/www.rupes.com\/de\/wp-json\/wp\/v2\/pages\/1001412227\/revisions\/1001412237"}],"up":[{"embeddable":true,"href":"https:\/\/www.rupes.com\/de\/wp-json\/wp\/v2\/pages\/1001411794"}],"wp:attachment":[{"href":"https:\/\/www.rupes.com\/de\/wp-json\/wp\/v2\/media?parent=1001412227"}],"curies":[{"name":"wp","href":"https:\/\/api.w.org\/{rel}","templated":true}]}}