{"id":1001408962,"date":"2024-10-29T11:46:03","date_gmt":"2024-10-29T10:46:03","guid":{"rendered":"https:\/\/www.rupes.com\/?page_id=1001408962"},"modified":"2024-10-29T11:53:46","modified_gmt":"2024-10-29T10:53:46","slug":"privacy-policy-warranty-extension","status":"publish","type":"page","link":"https:\/\/www.rupes.com\/de\/privacy-policy-warranty-extension\/","title":{"rendered":"Privacy policy Warranty extension"},"content":{"rendered":"<p><strong>DIE DATENSCHUTZERKL\u00c4RUNG DER WEBSITE ZUR RUPES-GARANTIEVERL\u00c4NGERUNG<\/strong><\/p>\n<p>Auf dieser Seite wird die Verwaltung der Website von RUPES S.p.A. a socio unico (\u201eRUPES\u201c) beschrieben, die unter www.rupes.com (im Folgenden die \u201eWebsite\u201c) erreichbar ist, in Bezug auf die Verarbeitung der personenbezogenen Daten von Benutzern, die sich auf derselben Website und\/oder der Registrierungswebsite zur Rupes-Garantieverl\u00e4ngerung registrieren, um auf Inhalte zuzugreifen, die registrierten Benutzern vorbehalten sind, und um den Newsletter-Service und\/oder den Garantieservice von RUPES zu abonnieren.<br \/>\nDie vorliegenden Informationen gelten nur f\u00fcr die Website (einschlie\u00dflich Subdomains wie download.rupes.com und https:\/\/app.rupes.com\/warrantyPlus\/registration.php) und betreffen keine Websites, die von einem Benutzer \u00fcber in der Website enthaltene Links von Drittanbietern besucht werden k\u00f6nnen.<br \/>\nDiese Informationen werden auch gem\u00e4\u00df Artikel 13 der EU-Verordnung 2016\/679 vom 27. April 2016 zum Schutz nat\u00fcrlicher Personen bei der Verarbeitung personenbezogener Daten, zum freien Datenverkehr und zur Aufhebung der Richtlinie 95\/46\/EG (Datenschutz-Grundverordnung \u2013 DSGVO) allen Stellen zur Verf\u00fcgung gestellt, die mit den von RUPES bereitgestellten webbasierten Diensten zu tun haben. Die bereitgestellten Informationen basieren auch auf den Leitlinien der Empfehlung Nr. 2\/2001, die am 17. Mai 2001 von den europ\u00e4ischen Datenschutzbeh\u00f6rden im Rahmen der gem\u00e4\u00df Artikel 29 der europ\u00e4ischen Richtlinie 95\/46\/EG eingerichteten Arbeitsgruppe angenommen wurde, um Mindestanforderungen f\u00fcr die Online-Erhebung personenbezogener Daten festzulegen \u2013 insbesondere in Bezug auf Regelung, Zeitpunkt und Inhalt der Informationen, die von den f\u00fcr die Datenverarbeitung Verantwortlichen den Benutzern zur Verf\u00fcgung gestellt werden m\u00fcssen, die zu irgendeinem Zweck Webseiten besuchen. Die Verarbeitung der personenbezogenen Daten des Website-Benutzers erfolgt in jedem Fall auf Grundlage der Grunds\u00e4tze der Fairness, Rechtm\u00e4\u00dfigkeit und Transparenz sowie des Grundsatzes des Schutzes der Vertraulichkeit und der Rechte der betroffenen Person gem\u00e4\u00df den Bestimmungen der DSGVO, der geltenden nationalen Gesetzgebung und den Richtlinien der italienischen Datenschutzbeh\u00f6rde.<\/p>\n<p><strong>1. DER DATENVERANTWORTLICHE<\/strong><br \/>\nDer Besuch der Website kann zur Verarbeitung von Daten bez\u00fcglich identifizierter oder identifizierbarer nat\u00fcrlicher Personen f\u00fchren.<br \/>\nDer \u201eDatenverantwortliche\u201c ist RUPES S.p.A. a socio unico, mit eingetragenem Firmensitz in Via Manfredo Camperio, 9 20123 Milano (MI), Hauptsitz in Via Marconi 3A, 20080 loc. Vermezzo ,Vermezzo con Zelo (MI), USt-IdNr. IT05094230157, im Folgenden \u201eRUPES\u201c oder \u201eDatenverantwortlicher\u201c genannt.<\/p>\n<p><strong>2. ORT DER DATENVERARBEITUNG UND EMPF\u00c4NGER<\/strong><br \/>\nDie Verarbeitungsvorg\u00e4nge im Zusammenhang mit den Diensten der Website werden in Italien am oben genannten Sitz von RUPES ausschlie\u00dflich von technischem Personal durchgef\u00fchrt, das f\u00fcr die besagte Verarbeitung zust\u00e4ndig ist, oder in Europa (FR) am Sitz des Unternehmens, das die RUPES-Server verwaltet. RUPES nimmt keine Daten\u00fcbertragungen in Drittl\u00e4nder au\u00dferhalb des EWR vor.<br \/>\nDaten werden oder k\u00f6nnen an die folgenden Empf\u00e4nger (benannt als Datenverarbeiter im Rahmen der DSGVO) weitergegeben werden:<\/p>\n<ul style=\"margin-left: 30px;\">\n<li>An andere Unternehmen der Unternehmensgruppe, zu der RUPES geh\u00f6rt, mit Sitz auf dem Gebiet der EU<\/li>\n<li>An Unternehmen, die RUPES Website-Hosting-Dienste, deren Wartung und Aktualisierung (ausschlie\u00dflich, wenn eine solche Weitergabe unbedingt erforderlich ist, um die Erbringung der von den Benutzern angeforderten Dienste sicherzustellen), Newsletter usw. bereitstellen.<\/li>\n<li>An Anbieter von Beratungsdiensten im Zusammenhang mit Steuer- und Fiskalpflichten, falls die Weitergabe aufgrund der Datenverarbeitungskategorie erforderlich ist (z. B. in F\u00e4llen, in denen der Benutzer Waren oder Dienstleistungen von RUPES kauft, die Steuer- oder Fiskalpflichten nach sich ziehen).<\/li>\n<li>An andere Kategorien von Unternehmen, an die RUPES personenbezogene Daten weitergeben muss, um Vertr\u00e4ge abzuschlie\u00dfen und\/oder auf vorvertragliche Anfragen zwischen RUPES und Benutzern zu antworten oder um gesetzliche Verpflichtungen zu erf\u00fcllen oder auf Anfrage von Beh\u00f6rden.<\/li>\n<li>An autorisierte Reparaturzentren und H\u00e4ndler, die Garantieleistungen f\u00fcr Rupes erbringen.<\/li>\n<\/ul>\n<p>&nbsp;<\/p>\n<p><strong>3. KATEGORIEN VERARBEITETER DATEN<\/strong><br \/>\nNavigationsdaten. Die Informationssysteme und Softwareverfahren, die f\u00fcr den Betrieb dieser Website erforderlich sind, erfassen im Rahmen ihrer Standardfunktion personenbezogene Daten; die \u00dcbertragung solcher Daten ist ein inh\u00e4renter Bestandteil von Internet-Kommunikationsprotokollen.<br \/>\nDiese Informationen werden nicht erhoben, um sie identifizierten betroffenen Personen zuzuordnen, sie k\u00f6nnten jedoch nach der Verarbeitung und dem Abgleich mit Daten, die sich im Besitz Dritter befinden, eine Benutzeridentifizierung per se erm\u00f6glichen.<br \/>\nZu dieser Datenkategorie geh\u00f6ren IP-Adressen und\/oder Dom\u00e4nennamen der Computer, die von Benutzern verwendet werden, die sich mit dieser Website verbinden, die URI-Adressen (Uniform Resource Identifier) \u200b\u200bder angeforderten Ressourcen, die Zeit solcher Anfragen, die Methode, mit der eine bestimmte Anfrage an den Server gesendet wurde, die Gr\u00f6\u00dfe der zur\u00fcckgegebenen Datei, ein numerischer Code in Bezug auf den Status der Serverantwort (erfolgreich ausgef\u00fchrt, Fehler usw.) und andere Parameter in Bezug auf das Betriebssystem und die Computerumgebung des Benutzers.<br \/>\nDiese Daten werden nur verwendet, um anonyme statistische Informationen zur Nutzung der Website zu extrahieren und ihre Funktion zu \u00fcberpr\u00fcfen; sie werden sofort nach der Verarbeitung gel\u00f6scht. Die Daten k\u00f6nnten verwendet werden, um die Haftung im Falle von Computerkriminalit\u00e4t gegen die Website festzustellen; Mit Ausnahme dieses Falls werden Daten zu Webkontakten derzeit nicht l\u00e4nger als sieben Tage gespeichert.<br \/>\nVon Benutzern freiwillig bereitgestellte Daten. Der Abschluss des Registrierungsvorgangs und das Senden von E-Mail-Nachrichten an die auf dieser Website genannten Adressen oder die Registrierung auf der Webseite f\u00fcr die Garantieverl\u00e4ngerung, die auf der Grundlage einer frei gew\u00e4hlten, ausdr\u00fccklichen und freiwilligen Option erfolgt, beinhaltet die Erfassung und Verarbeitung personenbezogener Daten der betroffenen Person, die erforderlich sind, um ihr den Zugriff auf die auf der Website verf\u00fcgbaren reservierten Inhalte zu erm\u00f6glichen und\/oder den von ihr angeforderten Newsletter-Dienst auszuf\u00fchren oder auf per E-Mail oder Chat auf der Website bereitgestellte Anfragen der betroffenen Person zu antworten oder die Garantieverl\u00e4ngerung zu erhalten, sowie solcher zus\u00e4tzlichen personenbezogenen Daten, die in den E-Mails oder Chat-Nachrichten enthalten sind.<br \/>\nDas RUPES-Downloadcenter und die Registrierungsseite zur Garantieverl\u00e4ngerung erfassen die folgenden Informationen: Vor- und Nachname und Firmenname, Kontaktinformationen einschlie\u00dflich E-Mail-Adresse, Gesch\u00e4ftsbereich.<br \/>\nAuf den Seiten der Website, die zur Bereitstellung von Diensten auf Anfrage verwendet werden, werden spezielle zusammenfassende Informationshinweise angezeigt und\/oder angezeigt.<br \/>\nCookies. In diesem Zusammenhang werden von der Website keine personenbezogenen Daten der Benutzer erfasst.<br \/>\nEs werden keine Cookies zur \u00dcbermittlung personenbezogener Daten verwendet, noch werden sogenannte dauerhafte Cookies (mit Ausnahme der unten aufgef\u00fchrten) oder Benutzerverfolgungssysteme implementiert.<br \/>\nDie Verwendung sogenannter Sitzungscookies (die nicht dauerhaft auf dem Computer des Benutzers gespeichert werden und beim Schlie\u00dfen des Browsers verschwinden) ist ausschlie\u00dflich auf die \u00dcbertragung von Sitzungs-IDs (bestehend aus vom Server generierten Zufallszahlen) beschr\u00e4nkt, soweit dies f\u00fcr eine sichere und effektive Navigation auf der Website erforderlich ist.<br \/>\nDie von dieser Website verwendeten sogenannten Sitzungscookies machen die Implementierung anderer Computertechniken unn\u00f6tig, die m\u00f6glicherweise die Vertraulichkeit der Benutzernavigation beeintr\u00e4chtigen, w\u00e4hrend sie keine Erfassung der personenbezogenen Identifikationsdaten des Benutzers erm\u00f6glichen.<br \/>\nWenn Sie sich daf\u00fcr entscheiden, auf der Website angemeldet zu bleiben, kann ein Cookie auf Ihrem Computer gespeichert werden, das Ihnen dabei hilft, angemeldet zu bleiben.<br \/>\nGeolokalisierungs-Cookies. Diese Website verwendet Geolokalisierungssysteme, um zu bestimmen, von wo aus der Benutzer auf die Website zugreift, und um automatisch zu entscheiden, welche Sprache angezeigt werden soll. Ein Cookie mit diesen Daten kann auf Ihrem Computer gespeichert werden.<br \/>\nCookies von Drittanbietern. Diese Website kann Cookies von Drittanbietern verwenden, um Dienste zu unterst\u00fctzen, die von anderen Websites bereitgestellt werden, z. B. um YouTube-Videos anzuzeigen, je nachdem, ob Sie sich entscheiden, diese Dienste zu verwenden und\/oder diese Videos anzusehen.<\/p>\n<p>&nbsp;<\/p>\n<p><strong>4. ZWECKE DER DATENVERARBEITUNG<\/strong><br \/>\nPersonenbezogene Daten werden von RUPES zu folgenden Zwecken erhoben und verarbeitet:<br \/>\n1) Um Benutzern eine sichere und effektive Navigation auf der Website zu erm\u00f6glichen;<br \/>\n2) Falls sich der Benutzer auf der Website registriert, um ihm das Herunterladen der im Download-Center enthaltenen Materialien zu erm\u00f6glichen;<br \/>\n3) Um den Newsletter-Dienst gem\u00e4\u00df der Anfrage des Benutzers an RUPES bereitzustellen;<br \/>\n4) Um den Kontaktdienst mit RUPES und\/oder seinen Vertriebsh\u00e4ndlern gem\u00e4\u00df der Anfrage des Benutzers bereitzustellen;<br \/>\n5) Um Gesetzen, Vorschriften oder Gemeinschaftsvorschriften nachzukommen.<br \/>\n6) Bereitstellung einer Garantieverl\u00e4ngerung gem\u00e4\u00df der Anfrage des Benutzers an RUPES.<br \/>\n&nbsp;<\/p>\n<p><strong>5. RECHTSGRUNDLAGEN F\u00dcR DIE VERARBEITUNG<\/strong><\/p>\n<p>Die Verarbeitung personenbezogener Daten durch RUPES zur Verfolgung der Zwecke gem\u00e4\u00df Art. 4 dieser Informationen basiert auf den folgenden Rechtsgrundlagen:<\/p>\n<ul style=\"margin-left: 30px;\">\n<li>(Art. 6, 1, b) der DSGVO): Die Verarbeitung ist f\u00fcr die Erf\u00fcllung eines Vertrags erforderlich, dessen Vertragspartei die betroffene Person ist, oder um auf Anfrage der betroffenen Person vor Vertragsabschluss Ma\u00dfnahmen zu ergreifen (z. B. f\u00fcr den Newsletter-Dienst oder um den Zugriff auf Inhalte zu erm\u00f6glichen, die den auf der Website registrierten Benutzern vorbehalten sind, sowie f\u00fcr die sichere und korrekte Nutzung der Website); oder<\/li>\n<li>(Art. 6, 1, c) der DSGVO): Die Verarbeitung ist erforderlich, um einer rechtlichen Verpflichtung nachzukommen, der der Verantwortliche unterliegt (z. B. zur Erf\u00fcllung steuerlicher und fiskalischer Verpflichtungen wie der Ausstellung von Rechnungen, Zolldokumenten, falls der Benutzer von RUPES die Lieferung von Waren und\/oder Dienstleistungen anfordert, die solche rechtlichen Verpflichtungen erfordern); oder<\/li>\n<li>\u00a0(Art. 6, 1, f) der DSGVO): Die Verarbeitung ist erforderlich f\u00fcr die Zwecke eines berechtigten Interesses, das der Verantwortliche verfolgt (z. B. wenn die betroffene Person ihre eigenen Daten preisgibt \u2013 \u00fcber die Website des Verantwortlichen, w\u00e4hrend Messen oder Branchenveranstaltungen, telefonisch \u2013 hat der Verantwortliche das berechtigte Interesse, den Kontakt zu seinem eigenen Kunden oder potenziellen Kunden aufrechtzuerhalten, um ihm Direktmarketing-Mitteilungen zu senden, einschlie\u00dflich Produktinformationen, Sonderangeboten, Einladungen zu Schulungsveranstaltungen usw.). Die betroffene Person kann der Verarbeitung ihrer Daten zu diesen Zwecken jederzeit widersprechen, indem sie ihren Widerspruch an die E-Mail-Adresse info_rupes@rupes.it sendet; oder<\/li>\n<li>\u00a0(Art. 6, 1, a) der DSGVO): Die betroffene Person hat der Verarbeitung ihrer personenbezogenen Daten zu direkten oder indirekten Marketingzwecken zugestimmt (ausgenommen die vollst\u00e4ndig automatisierte Verarbeitung und die Profilerstellung zu kommerziellen Zwecken) usw. Die betroffene Person kann ihre Einwilligung jederzeit widerrufen und der Verarbeitung ihrer Daten zu diesem Zweck widersprechen, indem sie ihren Widerspruch an die E-Mail-Adresse info_rupes@rupes.it sendet<\/li>\n<\/ul>\n<p>&nbsp;<\/p>\n<p><strong>6. VERARBEITUNGSVORSCHRIFTEN<\/strong><br \/>\nPersonenbezogene Daten werden mit automatisierten und nicht automatisierten Mitteln nur so lange verarbeitet, wie es f\u00fcr die Erreichung der Zwecke, f\u00fcr die sie erhoben wurden, erforderlich ist.<br \/>\nEs werden spezielle Sicherheitsma\u00dfnahmen ergriffen, um zu verhindern, dass die Daten verloren gehen, rechtswidrig und\/oder unangemessen verwendet und unbefugt abgerufen werden.<br \/>\nEs ist wichtig, sich daran zu erinnern, dass alles, was die betroffene Person online \u00fcbertr\u00e4gt oder offenlegt, von anderen gesammelt und verwendet oder von Dritten rechtswidrig abgefangen werden kann. Keine Daten\u00fcbertragung \u00fcber das Internet kann als 100 % sicher garantiert werden. RUPES verpflichtet sich, kommerziell angemessene Mittel zum Schutz der Informationen der betroffenen Personen einzusetzen, kann jedoch die Sicherheit der ausgetauschten Informationen nicht garantieren.<br \/>\nDas RUPES-Download-Center ist passwortgesch\u00fctzt. Es ist verboten, das Passwort an Dritte weiterzugeben. RUPES wird zu keinem Zeitpunkt per E-Mail nach dem Passwort des registrierten Benutzers fragen. Sollte der Benutzer jemals eine solche Anfrage erhalten, benachrichtigen Sie RUPES bitte umgehend. Der registrierte Benutzer ist allein daf\u00fcr verantwortlich, die Geheimhaltung seiner Authentifizierungsdaten aufrechtzuerhalten.<\/p>\n<p><strong>7.<\/strong> <strong>DAUER DER DATENVERARBEITUNG<\/strong><\/p>\n<p>Die personenbezogenen Daten des Nutzers werden f\u00fcr die Dauer gespeichert, die unbedingt erforderlich ist, um die spezifischen Verarbeitungszwecke gem\u00e4\u00df Abschnitt 4 zu verfolgen, und zwar:<\/p>\n<ul style=\"margin-left: 30px;\">\n<li>Die personenbezogenen Daten werden f\u00fcr den Zeitraum verarbeitet, der zur Erf\u00fcllung der vorvertraglichen und vertraglichen Verpflichtungen von RUPES aufgrund der Lieferung der vom Nutzer angeforderten Waren und\/oder Dienstleistungen (z. B. Newsletter, Bereitstellung von Inhalten, die registrierten Benutzern vorbehalten sind, Registrierung f\u00fcr Garantieverl\u00e4ngerungen usw.) erforderlich ist, und in jedem Fall nicht \u00fcber die in der italienischen Verj\u00e4hrungsfrist f\u00fcr die Rechte (aufgrund vertraglicher und\/oder au\u00dfervertraglicher Haftung) im Zusammenhang mit der Lieferung der oben genannten Waren und\/oder Dienstleistungen festgelegte Frist hinaus.<\/li>\n<li>Dar\u00fcber hinaus werden die Daten f\u00fcr die Dauer verarbeitet, die zur Erf\u00fcllung gesetzlicher oder beh\u00f6rdlicher Verpflichtungen (z. B. der Verpflichtung zur Aufbewahrung von Daten und Steuerdokumenten) erforderlich ist, gem\u00e4\u00df den in Gesetzen und Vorschriften vorgesehenen Bestimmungen, die jeweils f\u00fcr die jeweilige Anwendung gelten. Verpflichtungen eines solchen Verantwortlichen.<\/li>\n<li>Falls die Datenverarbeitung durchgef\u00fchrt wird, um das berechtigte Interesse eines Verantwortlichen zu verfolgen, wird diese Verarbeitung durchgef\u00fchrt, bis dieses berechtigte Interesse besteht oder bis Sie eine Aufforderung erhalten, die Verarbeitung Ihrer Daten f\u00fcr solche Zwecke nicht mehr zuzulassen.<\/li>\n<li>Falls die Verarbeitung personenbezogener Daten aufgrund der Einwilligung des Nutzers durchgef\u00fchrt wird, wird diese Verarbeitung f\u00fcr eine erforderliche Dauer durchgef\u00fchrt, um den Garantieverl\u00e4ngerungsservice zu erf\u00fcllen, mit der Option, die Annahme der Datenverarbeitung nach jeweils 5 Tagen ab der ersten Erteilung der Einwilligung des Nutzers erneut zu best\u00e4tigen.<\/li>\n<\/ul>\n<p><strong>8. RECHTE DER BETROFFENEN PERSON<\/strong><br \/>\nUnternehmen, deren personenbezogene Daten an RUPES weitergegeben wurden, haben jederzeit das Recht:<\/p>\n<p><strong>a.<\/strong> vom Verantwortlichen Zugriff auf ihre personenbezogenen Daten zu verlangen (d. h. zu erfahren, ob der Verantwortliche diese Daten verarbeitet), deren Berichtigung oder L\u00f6schung zu verlangen, die Zwecke, f\u00fcr die diese Daten verarbeitet werden, einzuschr\u00e4nken oder ihrer Verarbeitung zu widersprechen, neben dem Recht auf Daten\u00fcbertragbarkeit.<\/p>\n<p><strong>b.<\/strong> wenn die Verarbeitung auf Artikel 6 Absatz 1 Buchstabe a) (Einwilligung) oder auf Artikel 9 Absatz 2 Buchstabe a) der DSGVO beruht, ihre eigene Einwilligung jederzeit zu widerrufen, ohne die Rechtm\u00e4\u00dfigkeit der Verarbeitung auf Grundlage der vor dem Widerruf erteilten Einwilligung zu beeintr\u00e4chtigen.<\/p>\n<p>Diese Rechte k\u00f6nnen durch eine Anfrage der betroffenen Person an die folgende E-Mail-Adresse ausge\u00fcbt werden: info_rupes@rupes.it<\/p>\n<p>Dar\u00fcber hinaus kann die betroffene Person eine Beschwerde bei einer Aufsichtsbeh\u00f6rde, d. h. der (italienischen) Datenschutzbeh\u00f6rde, per Einschreiben mit R\u00fcckschein an die (italienische) Datenschutzbeh\u00f6rde, Piazza Monte Citorio, 121 00186 Rom, einreichen; oder per E-Mail an die Adresse: garante@gpdp.it oder protocollo@pec.gpdp.it; oder per Fax an die Nummer: 06\/69677.3785<\/p>\n<p><strong>9. FREIWILLIGER ODER OBLIGATORISCHER CHARAKTER DER ZUSTIMMUNG<\/strong><br \/>\nF\u00fcr die Datenverarbeitung zur Erf\u00fcllung vertraglicher oder vorvertraglicher Verpflichtungen (z. B. Bereitstellung eines Newsletter-Dienstes, Zugriff auf reservierte Inhalte, Registrierung f\u00fcr eine Garantieverl\u00e4ngerung usw.) sowie zur Erf\u00fcllung der gesetzlichen Verpflichtungen des Verantwortlichen ist die Daten\u00fcbermittlung OBLIGATORISCH und die eventuelle Verweigerung der Bereitstellung dieser Daten kann zur Folge haben, dass die Dienste vom Verantwortlichen nicht oder nur teilweise erbracht werden, da diese Daten f\u00fcr die vollst\u00e4ndige und korrekte Erbringung des Dienstes und\/oder f\u00fcr die Erf\u00fcllung der gesetzlichen Verpflichtungen des Verantwortlichen von grundlegender Bedeutung sind.<\/p>\n<p>F\u00fcr die Verarbeitung personenbezogener Daten zur Verfolgung des berechtigten Interesses eines Verantwortlichen (z. B. zum Zweck der Aufrechterhaltung des Kontakts zu seinen eigenen Kunden durch das Senden von Angeboten, Einladungen zu Schulungsveranstaltungen usw.) IST DIE ZUSTIMMUNG NICHT ERFORDERLICH. Der Benutzer kann jedoch jederzeit der Verarbeitung seiner eigenen Daten zu solchen Zwecken widersprechen, indem er seinen Widerspruch an die folgende E-Mail-Adresse sendet: info_rupes@rupes.it<\/p>\n<p>F\u00fcr die Verarbeitung zu direkten oder indirekten Marketingzwecken und in Ermangelung eines berechtigten Interesses eines Verantwortlichen ist die ZUSTIMMUNG FREIWILLIG und kann jederzeit widerrufen werden, indem eine Anfrage an den Verantwortlichen an die folgende E-Mail-Adresse gesendet wird: info_rupes@rupes.it<\/p>\n<p>Sie werden dar\u00fcber informiert, dass der Widerruf der Zustimmung die Rechtm\u00e4\u00dfigkeit der Verarbeitung auf der Grundlage der vor dem Widerruf erteilten Zustimmung nicht gef\u00e4hrdet.<\/p>\n<p>&nbsp;<\/p>\n","protected":false},"excerpt":{"rendered":"<p>DIE DATENSCHUTZERKL\u00c4RUNG DER WEBSITE ZUR RUPES-GARANTIEVERL\u00c4NGERUNG Auf dieser Seite wird die Verwaltung der Website von RUPES S.p.A. a socio unico (\u201eRUPES\u201c) beschrieben, die unter www.rupes.com (im Folgenden die \u201eWebsite\u201c) erreichbar <\/p>\n","protected":false},"author":1,"featured_media":0,"parent":0,"menu_order":0,"comment_status":"closed","ping_status":"closed","template":"","meta":{"_acf_changed":false,"footnotes":""},"class_list":["post-1001408962","page","type-page","status-publish","hentry"],"acf":{"addVideoSlider":false,"buttons":false,"scegliSlider":"default","video":"","full_page":false,"php_code":"","gallery":false,"btn_class":"red"},"_links":{"self":[{"href":"https:\/\/www.rupes.com\/de\/wp-json\/wp\/v2\/pages\/1001408962","targetHints":{"allow":["GET"]}}],"collection":[{"href":"https:\/\/www.rupes.com\/de\/wp-json\/wp\/v2\/pages"}],"about":[{"href":"https:\/\/www.rupes.com\/de\/wp-json\/wp\/v2\/types\/page"}],"author":[{"embeddable":true,"href":"https:\/\/www.rupes.com\/de\/wp-json\/wp\/v2\/users\/1"}],"replies":[{"embeddable":true,"href":"https:\/\/www.rupes.com\/de\/wp-json\/wp\/v2\/comments?post=1001408962"}],"version-history":[{"count":4,"href":"https:\/\/www.rupes.com\/de\/wp-json\/wp\/v2\/pages\/1001408962\/revisions"}],"predecessor-version":[{"id":1001408975,"href":"https:\/\/www.rupes.com\/de\/wp-json\/wp\/v2\/pages\/1001408962\/revisions\/1001408975"}],"wp:attachment":[{"href":"https:\/\/www.rupes.com\/de\/wp-json\/wp\/v2\/media?parent=1001408962"}],"curies":[{"name":"wp","href":"https:\/\/api.w.org\/{rel}","templated":true}]}}