{"id":1001402308,"date":"2022-10-17T12:27:50","date_gmt":"2022-10-17T10:27:50","guid":{"rendered":"https:\/\/www.rupes.com\/company-2\/"},"modified":"2023-01-10T11:14:37","modified_gmt":"2023-01-10T10:14:37","slug":"unternehmen","status":"publish","type":"page","link":"https:\/\/www.rupes.com\/de\/unternehmen\/","title":{"rendered":"Unternehmen"},"content":{"rendered":"<p>RUPES S.p.A. ist ein Familienunternehmen, das 1947 in Mailand, Italien, gegr\u00fcndet wurde.<\/p>\n<p>Unsere Geschichte besteht aus Errungenschaften, Herausforderungen, Ideen und internationalen Erfolgen. Das st\u00e4ndige Engagement f\u00fcr Forschung und Entwicklung, das darauf abzielt, die Leistung jedes Produkts st\u00e4ndig zu verbessern, ist einer der grundlegenden Aspekte, die in unserer 70-j\u00e4hrigen Geschichte dazu beigetragen haben, RUPES als eine der wichtigsten erfolgreichen Marken im Bereich professioneller Werkzeuge zu best\u00e4tigen. Der Fokus auf die Entwicklung und Herstellung von Produkten, die den Gesundheits- und Sicherheitsvorschriften vollst\u00e4ndig entsprechen, einen verbesserten Arbeitskomfort bieten und innovative L\u00f6sungen bieten, stehen im Mittelpunkt jeder neuen Idee.<\/p>\n<p>Mit vier Produktionsst\u00e4tten und einem gut etablierten Vertriebsnetz ist RUPES immer in der N\u00e4he der Kunden und versorgt sie mit Produkten, die die Marktanforderungen antizipieren und schnell darauf reagieren. Die Marke deckt alle wichtigen internationalen M\u00e4rkte vollst\u00e4ndig ab und bringt ihre Systeme dank eines Vertriebsnetzes, das aus zwei direkten Niederlassungen und zahlreichen autorisierten H\u00e4ndlern besteht, in die ganze Welt.<\/p>\n","protected":false},"excerpt":{"rendered":"<p>RUPES S.p.A. ist ein Familienunternehmen, das 1947 in Mailand, Italien, gegr\u00fcndet wurde. Unsere Geschichte besteht aus Errungenschaften, Herausforderungen, Ideen und internationalen Erfolgen. Das st\u00e4ndige Engagement f\u00fcr Forschung und Entwicklung, das <\/p>\n","protected":false},"author":1,"featured_media":0,"parent":0,"menu_order":0,"comment_status":"closed","ping_status":"closed","template":"","meta":{"_acf_changed":false,"footnotes":""},"class_list":["post-1001402308","page","type-page","status-publish","hentry"],"acf":{"scegliSlider":"default","video":"","gallery":false,"full_page":false,"php_code":"","addVideoSlider":false,"buttons":false},"_links":{"self":[{"href":"https:\/\/www.rupes.com\/de\/wp-json\/wp\/v2\/pages\/1001402308","targetHints":{"allow":["GET"]}}],"collection":[{"href":"https:\/\/www.rupes.com\/de\/wp-json\/wp\/v2\/pages"}],"about":[{"href":"https:\/\/www.rupes.com\/de\/wp-json\/wp\/v2\/types\/page"}],"author":[{"embeddable":true,"href":"https:\/\/www.rupes.com\/de\/wp-json\/wp\/v2\/users\/1"}],"replies":[{"embeddable":true,"href":"https:\/\/www.rupes.com\/de\/wp-json\/wp\/v2\/comments?post=1001402308"}],"version-history":[{"count":3,"href":"https:\/\/www.rupes.com\/de\/wp-json\/wp\/v2\/pages\/1001402308\/revisions"}],"predecessor-version":[{"id":1001402795,"href":"https:\/\/www.rupes.com\/de\/wp-json\/wp\/v2\/pages\/1001402308\/revisions\/1001402795"}],"wp:attachment":[{"href":"https:\/\/www.rupes.com\/de\/wp-json\/wp\/v2\/media?parent=1001402308"}],"curies":[{"name":"wp","href":"https:\/\/api.w.org\/{rel}","templated":true}]}}