{"id":1001386068,"date":"2019-05-29T11:03:45","date_gmt":"2019-05-29T09:03:45","guid":{"rendered":"https:\/\/www.rupes.com\/?page_id=1001386068"},"modified":"2019-05-29T11:03:45","modified_gmt":"2019-05-29T09:03:45","slug":"3d-planung","status":"publish","type":"page","link":"https:\/\/www.rupes.com\/de\/absauganlage\/3d-planung\/","title":{"rendered":"3D-PLANUNG"},"content":{"rendered":"<h2><em>3D<\/em>-PLANUNG<\/h2>\n<p>RUPES stellt seinen Kunden sein <strong>Know-how<\/strong> und seine <strong>umfangreiche Erfahrung<\/strong> in diesem Bereich zur Verf\u00fcgung, um <strong>ma\u00dfgeschneiderte<\/strong> L\u00f6sungen zu <strong>entwerfen und umzusetzen<\/strong>, die ihren Bed\u00fcrfnissen und Anforderungen gerecht werden. <\/p>\n<p>Durch den technischen 3D-Support ist es m\u00f6glich, die Anlage korrekt zu dimensionieren, was eine <strong>hervorragende Saugleistung<\/strong> f\u00fcr jeden Arbeitsplatz garantiert.  <\/p>\n<p>Die von den auf diesem Gebiet <strong>spezialisierten Ingenieuren<\/strong> entwickelten 3D-Renderings und technischen Zeichnungen erm\u00f6glichen es, dem Endkunden eine Vorschau darauf zu geben, wie das Projekt in Zukunft realisiert wird. <\/p>\n<p>&nbsp;<\/p>\n<p><img decoding=\"async\" class=\"aligncenter\" src=\"https:\/\/www.rupes.com\/wp-content\/uploads\/2019\/05\/project-150x150.png\" alt=\"\" width=\"100\" height=\"100\" \/><\/p>\n<hr \/>\n<p>&nbsp;<\/p>\n<h3 style=\"text-align: center;\">Automotive<\/h3>\n<p><img decoding=\"async\" class=\"aligncenter\" src=\"https:\/\/www.rupes.com\/wp-content\/uploads\/2019\/05\/ico_automotive-150x150.png\" alt=\"\" width=\"50\" height=\"50\" \/><\/p>\n<p><img fetchpriority=\"high\" decoding=\"async\" class=\"aligncenter size-full\" src=\"https:\/\/www.rupes.com\/wp-content\/uploads\/2019\/05\/rendering_automotive.jpg\" alt=\"\" width=\"1600\" height=\"776\" \/><\/p>\n<p>&nbsp;<\/p>\n<h3 style=\"text-align: center;\">Industry<\/h3>\n<p><img loading=\"lazy\" decoding=\"async\" class=\"aligncenter\" src=\"https:\/\/www.rupes.com\/wp-content\/uploads\/2019\/05\/ico_industry-150x150.png\" alt=\"\" width=\"50\" height=\"50\" \/><\/p>\n<p><img loading=\"lazy\" decoding=\"async\" class=\"aligncenter size-full\" src=\"https:\/\/www.rupes.com\/wp-content\/uploads\/2019\/05\/rendering_industry.jpg\" alt=\"\" width=\"1600\" height=\"776\" \/><\/p>\n<p>&nbsp;<\/p>\n<h3 style=\"text-align: center;\">Aerospace<\/h3>\n<p><img loading=\"lazy\" decoding=\"async\" class=\"aligncenter\" src=\"https:\/\/www.rupes.com\/wp-content\/uploads\/2019\/05\/ico_aerospace-150x150.png\" alt=\"\" width=\"52\" height=\"52\" \/><\/p>\n<p><img loading=\"lazy\" decoding=\"async\" class=\"aligncenter size-full\" src=\"https:\/\/www.rupes.com\/wp-content\/uploads\/2019\/05\/rendering_aerospece.jpg\" alt=\"\" width=\"1600\" height=\"776\" \/><\/p>\n<p>&nbsp;<\/p>\n<h3 style=\"text-align: center;\">Railway industry<\/h3>\n<p><img loading=\"lazy\" decoding=\"async\" class=\"aligncenter\" src=\"https:\/\/www.rupes.com\/wp-content\/uploads\/2019\/05\/ico_railways-150x150.png\" alt=\"\" width=\"50\" height=\"50\" \/><\/p>\n<p><img loading=\"lazy\" decoding=\"async\" class=\"aligncenter size-full\" src=\"https:\/\/www.rupes.com\/wp-content\/uploads\/2019\/05\/rendering_railways.jpg\" alt=\"\" width=\"1600\" height=\"776\" \/><\/p>\n<p>&nbsp;<\/p>\n<h3 style=\"text-align: center;\">Naval<\/h3>\n<p><img loading=\"lazy\" decoding=\"async\" class=\"aligncenter\" src=\"https:\/\/www.rupes.com\/wp-content\/uploads\/2019\/05\/ico_naval-150x150.png\" alt=\"\" width=\"50\" height=\"50\" \/><\/p>\n<p><img loading=\"lazy\" decoding=\"async\" class=\"aligncenter size-full\" src=\"https:\/\/www.rupes.com\/wp-content\/uploads\/2019\/05\/rendering_nautica.jpg\" alt=\"\" width=\"1600\" height=\"776\" \/><\/p>\n<p>&nbsp;<\/p>\n<h3 style=\"text-align: center;\">Carpentry<\/h3>\n<p><img loading=\"lazy\" decoding=\"async\" class=\"aligncenter\" src=\"https:\/\/www.rupes.com\/wp-content\/uploads\/2019\/05\/ico_wood-industry-150x150.png\" alt=\"\" width=\"50\" height=\"50\" \/><\/p>\n<p><img loading=\"lazy\" decoding=\"async\" class=\"aligncenter size-full\" src=\"https:\/\/www.rupes.com\/wp-content\/uploads\/2019\/05\/rendering_wood-industry.jpg\" alt=\"\" width=\"1600\" height=\"776\" \/><\/p>\n<p>&nbsp;<\/p>\n","protected":false},"excerpt":{"rendered":"<p>3D-PLANUNG RUPES stellt seinen Kunden sein Know-how und seine umfangreiche Erfahrung in diesem Bereich zur Verf\u00fcgung, um ma\u00dfgeschneiderte L\u00f6sungen zu entwerfen und umzusetzen, die ihren Bed\u00fcrfnissen und Anforderungen gerecht werden. <\/p>\n","protected":false},"author":1,"featured_media":0,"parent":1001385988,"menu_order":0,"comment_status":"closed","ping_status":"closed","template":"page-dustextractionsystem.php","meta":{"_acf_changed":false,"footnotes":""},"class_list":["post-1001386068","page","type-page","status-publish","hentry"],"acf":{"video":"","gallery":false,"full_page":false,"php_code":"","scegliSlider":"default","addVideoSlider":false,"select_form":1001385778},"_links":{"self":[{"href":"https:\/\/www.rupes.com\/de\/wp-json\/wp\/v2\/pages\/1001386068","targetHints":{"allow":["GET"]}}],"collection":[{"href":"https:\/\/www.rupes.com\/de\/wp-json\/wp\/v2\/pages"}],"about":[{"href":"https:\/\/www.rupes.com\/de\/wp-json\/wp\/v2\/types\/page"}],"author":[{"embeddable":true,"href":"https:\/\/www.rupes.com\/de\/wp-json\/wp\/v2\/users\/1"}],"replies":[{"embeddable":true,"href":"https:\/\/www.rupes.com\/de\/wp-json\/wp\/v2\/comments?post=1001386068"}],"version-history":[{"count":0,"href":"https:\/\/www.rupes.com\/de\/wp-json\/wp\/v2\/pages\/1001386068\/revisions"}],"up":[{"embeddable":true,"href":"https:\/\/www.rupes.com\/de\/wp-json\/wp\/v2\/pages\/1001385988"}],"wp:attachment":[{"href":"https:\/\/www.rupes.com\/de\/wp-json\/wp\/v2\/media?parent=1001386068"}],"curies":[{"name":"wp","href":"https:\/\/api.w.org\/{rel}","templated":true}]}}