{"id":1001386031,"date":"2019-05-29T11:03:46","date_gmt":"2019-05-29T09:03:46","guid":{"rendered":"https:\/\/www.rupes.com\/?page_id=1001386031"},"modified":"2019-05-29T11:03:46","modified_gmt":"2019-05-29T09:03:46","slug":"eine-hohe-energieeinsparung","status":"publish","type":"page","link":"https:\/\/www.rupes.com\/de\/absauganlage\/eine-hohe-energieeinsparung\/","title":{"rendered":"EINE HOHE ENERGIEEINSPARUNG"},"content":{"rendered":"<h2>EIN SYSTEM DAS EINE HOHE ENERGIEEINSPARUNG UND <em>H\u00d6CHSTE ABSAUGLEISTUNGEN GARANTIERT<\/em><\/h2>\n<p>Die Absaugsysteme von RUPES erm\u00f6glichen die Realisierung kleiner, mittlerer und gro\u00dfer Industrieanlagen. Die <strong>hohe Absaugleistung<\/strong> und die hohe <strong>Energieeffizienz<\/strong> garantieren <strong>maximale Energieeinsparungen<\/strong> w\u00e4hrend des Produktionszyklus und senken die Produktionskosten.<\/p>\n<p>Die zentralen Absauganlagen von RUPES mit <strong>INVERTERSYSTEM<\/strong> erm\u00f6glichen die Verwaltung des Energieverbrauchs im Automatikbetrieb, was eine <strong>hohe Energieeinsparung<\/strong> und <strong>hohe Leistung<\/strong> in vielen industriellen Anwendungen garantiert.<\/p>\n<p><img decoding=\"async\" class=\"aligncenter\" src=\"https:\/\/www.rupes.com\/wp-content\/uploads\/2019\/05\/ico_energetico-150x150.png\" alt=\"\" width=\"100\" height=\"100\" \/><\/p>\n<hr \/>\n<h3 style=\"text-align: center;\"><strong>ABSAUGANLAGEN MIT INVERTERSYSTEM<\/strong><\/h3>\n<p style=\"text-align: center;\">Ideale L\u00f6sungen mit <strong>hoher Energieeffizienz<\/strong>, die immer eine maximale Abzugsleistung garantieren.<\/p>\n<p>&nbsp;<\/p>\n<div class=\"clearfix\">\n<p><img fetchpriority=\"high\" decoding=\"async\" class=\"aligncenter size-full\" src=\"https:\/\/www.rupes.com\/wp-content\/uploads\/2019\/05\/foto2.jpg\" alt=\"\" width=\"1600\" height=\"800\" \/><\/p>\n<\/div>\n<p>&nbsp;<\/p>\n<p>&nbsp;<\/p>\n","protected":false},"excerpt":{"rendered":"<p>EIN SYSTEM DAS EINE HOHE ENERGIEEINSPARUNG UND H\u00d6CHSTE ABSAUGLEISTUNGEN GARANTIERT Die Absaugsysteme von RUPES erm\u00f6glichen die Realisierung kleiner, mittlerer und gro\u00dfer Industrieanlagen. Die hohe Absaugleistung und die hohe Energieeffizienz garantieren <\/p>\n","protected":false},"author":1,"featured_media":0,"parent":1001385988,"menu_order":0,"comment_status":"closed","ping_status":"closed","template":"page-dustextractionsystem.php","meta":{"_acf_changed":false,"footnotes":""},"class_list":["post-1001386031","page","type-page","status-publish","hentry"],"acf":{"video":"","gallery":false,"full_page":false,"php_code":"","scegliSlider":"default","addVideoSlider":false,"select_form":1001385778},"_links":{"self":[{"href":"https:\/\/www.rupes.com\/de\/wp-json\/wp\/v2\/pages\/1001386031","targetHints":{"allow":["GET"]}}],"collection":[{"href":"https:\/\/www.rupes.com\/de\/wp-json\/wp\/v2\/pages"}],"about":[{"href":"https:\/\/www.rupes.com\/de\/wp-json\/wp\/v2\/types\/page"}],"author":[{"embeddable":true,"href":"https:\/\/www.rupes.com\/de\/wp-json\/wp\/v2\/users\/1"}],"replies":[{"embeddable":true,"href":"https:\/\/www.rupes.com\/de\/wp-json\/wp\/v2\/comments?post=1001386031"}],"version-history":[{"count":0,"href":"https:\/\/www.rupes.com\/de\/wp-json\/wp\/v2\/pages\/1001386031\/revisions"}],"up":[{"embeddable":true,"href":"https:\/\/www.rupes.com\/de\/wp-json\/wp\/v2\/pages\/1001385988"}],"wp:attachment":[{"href":"https:\/\/www.rupes.com\/de\/wp-json\/wp\/v2\/media?parent=1001386031"}],"curies":[{"name":"wp","href":"https:\/\/api.w.org\/{rel}","templated":true}]}}