{"id":1001386017,"date":"2019-05-29T11:03:46","date_gmt":"2019-05-29T09:03:46","guid":{"rendered":"https:\/\/www.rupes.com\/?page_id=1001386017"},"modified":"2019-05-29T11:03:46","modified_gmt":"2019-05-29T09:03:46","slug":"hocheffiziente-filtertechnologie","status":"publish","type":"page","link":"https:\/\/www.rupes.com\/de\/absauganlage\/hocheffiziente-filtertechnologie\/","title":{"rendered":"HOCHEFFIZIENTE FILTERTECHNOLOGIE"},"content":{"rendered":"<h2>HOCHEFFIZIENTE FILTERTECHNOLOGIE<\/h2>\n<p>Dank der \u00fcber <strong>40-j\u00e4hrigen Erfahrung, Forschung und Entwicklung<\/strong> auf dem Gebiet der Staubklassifizierung und Filtertechnik k\u00f6nnen die Absaugsysteme von RUPES in <strong>vielen verschiedenen<\/strong> industriellen Anwendungen eingesetzt werden und eine <strong>hohe Filterleistung<\/strong> (99,5% bei Staub bis zu 0,3[\u00b5m]) und <strong>hohe Betriebssicherheit<\/strong> gew\u00e4hrleisten.<\/p>\n<p><img decoding=\"async\" class=\"aligncenter \" src=\"https:\/\/www.rupes.com\/wp-content\/uploads\/2019\/05\/ico_filtrazione-150x150.png\" alt=\"\" width=\"130\" height=\"130\" \/><\/p>\n<hr \/>\n<div class=\"clearfix\"><\/div>\n<table style=\"border-spacing: 30px;\">\n<tbody>\n<tr>\n<td width=\"25%\"><img decoding=\"async\" class=\"size-medium aligncenter\" src=\"https:\/\/www.rupes.com\/wp-content\/uploads\/2019\/05\/tecnologia-filtrante_img1-300x300.jpg\" alt=\"\" \/><\/td>\n<td>\n<h3>ZYKLONFILTERSYSTEM<\/h3>\n<p>Dank eines tangentialen Einlasses scheidet das <strong>Zyklonsystem von RUPES<\/strong> den Staub vom Luftstrom ab und zwingt die Partikel, sich auf dem Boden des Beh\u00e4lters abzusetzen.<\/td>\n<\/tr>\n<\/tbody>\n<\/table>\n<table style=\"border-spacing: 30px;\">\n<tbody>\n<tr>\n<td>\n<h3>ZYKLONSCHILD AUS METALL<\/h3>\n<p>Das <strong>Metall-Zyklonschild von RUPES<\/strong> wurde entwickelt, um den Filter vor Partikeln und Fragmenten zu <strong>sch\u00fctzen<\/strong>, die ihn besch\u00e4digen k\u00f6nnten. Dank der <strong>Mikrobohrungen<\/strong> an der Oberfl\u00e4che garantiert er eine <strong>hohe Filterleistung<\/strong> bei gleichzeitig <strong>hoher Saugleistung<\/strong>.<\/td>\n<td width=\"25%\"><img decoding=\"async\" class=\"aligncenter size-medium\" src=\"https:\/\/www.rupes.com\/wp-content\/uploads\/2019\/05\/tecnologia-filtrante_img2-300x252.jpg\" alt=\"\" \/><\/td>\n<\/tr>\n<\/tbody>\n<\/table>\n<table style=\"border-spacing: 30px;\">\n<tbody>\n<tr>\n<td width=\"25%\"><img decoding=\"async\" class=\"aligncenter size-medium \" src=\"https:\/\/www.rupes.com\/wp-content\/uploads\/2019\/05\/tecnologia-filtrante_img5-300x300.jpg\" alt=\"\" \/><\/td>\n<td>\n<h3>FILTER AUS PTFE<\/h3>\n<p>Die in den RUPES Absaugsystemen vorhandenen Filter wurden mit einer speziellen Metallstruktur und mit <strong>PTFE-Filtermaterial entwickelt und hergestellt<\/strong>, was bei vielen intensiven Anwendungen gew\u00e4hrleistet ist:<br \/>\n&#8211; <strong>Hohe Filtereffizienz<\/strong> (99,5% bei Pulvern bis zu 0,3 \u00b5m);<br \/>\n&#8211; <strong>Hohe Dauerhaftigkeit<\/strong>;<br \/>\n&#8211; <strong>Geringere Wartungskosten<\/strong>.\n<\/td>\n<\/tr>\n<\/tbody>\n<\/table>\n<table style=\"border-spacing: 30px;\">\n<tbody>\n<tr>\n<td>\n<h3>AUTOMATISCHES REINIGUNGSSYSTEM ROTOR JET SYSTEM<\/h3>\n<p>Das <strong>RUPES Rotor-Jet-System<\/strong> ist das Ergebnis einer genauen <strong>technischen Forschungs- und Entwicklungsstudie<\/strong>, die durch einen lokalisierten Druckluftstrahl Staub von der Filteroberfl\u00e4che des Filters entfernt.<br \/>\nDieses <strong>automatische Reinigungssystem<\/strong> des Filters sichert:<\/p>\n<p>&#8211; Eine <strong>direkte und lokale Reinigung<\/strong> der Filteroberfl\u00e4che mit Hochdruck;<br \/>\n&#8211; <strong>Ausgezeichnete Absaugleistungen<\/strong> w\u00e4hrend der Nutzung;<br \/>\n&#8211; <strong>Erh\u00f6hte Dauer<\/strong> des Filters.\n<\/td>\n<td width=\"25%\"><img decoding=\"async\" class=\"aligncenter size-medium\" src=\"https:\/\/www.rupes.com\/wp-content\/uploads\/2019\/05\/tecnologia-filtrante_img6-300x300.jpg\" alt=\"\" \/><\/td>\n<\/tr>\n<\/tbody>\n<\/table>\n","protected":false},"excerpt":{"rendered":"<p>HOCHEFFIZIENTE FILTERTECHNOLOGIE Dank der \u00fcber 40-j\u00e4hrigen Erfahrung, Forschung und Entwicklung auf dem Gebiet der Staubklassifizierung und Filtertechnik k\u00f6nnen die Absaugsysteme von RUPES in vielen verschiedenen industriellen Anwendungen eingesetzt werden und <\/p>\n","protected":false},"author":1,"featured_media":0,"parent":1001385988,"menu_order":0,"comment_status":"closed","ping_status":"closed","template":"page-dustextractionsystem.php","meta":{"_acf_changed":false,"footnotes":""},"class_list":["post-1001386017","page","type-page","status-publish","hentry"],"acf":{"video":"","gallery":false,"full_page":false,"php_code":"","scegliSlider":"default","addVideoSlider":false,"select_form":1001385778},"_links":{"self":[{"href":"https:\/\/www.rupes.com\/de\/wp-json\/wp\/v2\/pages\/1001386017","targetHints":{"allow":["GET"]}}],"collection":[{"href":"https:\/\/www.rupes.com\/de\/wp-json\/wp\/v2\/pages"}],"about":[{"href":"https:\/\/www.rupes.com\/de\/wp-json\/wp\/v2\/types\/page"}],"author":[{"embeddable":true,"href":"https:\/\/www.rupes.com\/de\/wp-json\/wp\/v2\/users\/1"}],"replies":[{"embeddable":true,"href":"https:\/\/www.rupes.com\/de\/wp-json\/wp\/v2\/comments?post=1001386017"}],"version-history":[{"count":0,"href":"https:\/\/www.rupes.com\/de\/wp-json\/wp\/v2\/pages\/1001386017\/revisions"}],"up":[{"embeddable":true,"href":"https:\/\/www.rupes.com\/de\/wp-json\/wp\/v2\/pages\/1001385988"}],"wp:attachment":[{"href":"https:\/\/www.rupes.com\/de\/wp-json\/wp\/v2\/media?parent=1001386017"}],"curies":[{"name":"wp","href":"https:\/\/api.w.org\/{rel}","templated":true}]}}