{"id":1001385988,"date":"2019-05-29T10:42:31","date_gmt":"2019-05-29T08:42:31","guid":{"rendered":"https:\/\/www.rupes.com\/?page_id=1001385988"},"modified":"2019-06-19T15:08:54","modified_gmt":"2019-06-19T13:08:54","slug":"absauganlage","status":"publish","type":"page","link":"https:\/\/www.rupes.com\/de\/absauganlage\/","title":{"rendered":"Absauganlage"},"content":{"rendered":"<h2>Absauganlage<\/h2>\n<p>Die Absauganlage von RUPES f\u00fcr Feinstaub ist die <strong>ideale L\u00f6sung<\/strong>, um professionell, sicher und effizient den Arbeitsplatz <strong>gesund und sauber<\/strong> zu halten. <\/p>\n<p>Feinst\u00e4ube, die w\u00e4hrend des Schleifvorgangs oder \u00e4hnlichem entstehen, k\u00f6nnen beim Einatmen sehr gesundheitssch\u00e4dlich f\u00fcr die Bediener sein.<\/p>\n<p>Das lokalisierte Absaugsystem von RUPES kann Partikeln in der Umwelt mit <strong>hocheffizienten Filtertechnologien<\/strong> und dank der <strong>hervorragenden Absaugleistung<\/strong> an mehreren Stellen im Arbeitsbereich <strong>vollst\u00e4ndig beseitigen<\/strong>. <\/p>\n<div style=\"text-align: center;\">\n<div style=\"display: inline-block; margin: 0px 6px;\"><a style=\"color: #000; text-decoration: none;\" href=\"https:\/\/www.rupes.com\/de\/lokalisierte-absauganlage\/eine-hohe-energieeinsparung\/\"><br \/>\n<img decoding=\"async\" class=\"aligncenter size-thumbnail \" src=\"https:\/\/www.rupes.com\/wp-content\/uploads\/2019\/05\/ico_energetico-150x150.png\" alt=\"\" width=\"80\" height=\"80\" \/><br \/>\n<strong>Energieeinsparung<\/strong><\/a><\/div>\n<div style=\"display: inline-block; margin: 0px 6px;\"><a style=\"color: #000; text-decoration: none;\" href=\"https:\/\/www.rupes.com\/de\/lokalisierte-absauganlage\/hocheffiziente-filtertechnologie\/\"><br \/>\n<img decoding=\"async\" class=\"size-thumbnail  aligncenter\" src=\"https:\/\/www.rupes.com\/wp-content\/uploads\/2019\/05\/ico_filtrazione-150x150.png\" alt=\"\" width=\"80\" height=\"80\" \/><br \/>\n<strong>Filtertechnologie<\/strong><\/a><\/div>\n<div style=\"display: inline-block; margin: 0px 6px;\"><a style=\"color: #000; text-decoration: none;\" href=\"https:\/\/www.rupes.com\/de\/lokalisierte-absauganlage\/sicherheit-und-schutz\/\"><br \/>\n<img decoding=\"async\" class=\"aligncenter size-thumbnail\" src=\"https:\/\/www.rupes.com\/wp-content\/uploads\/2019\/05\/ico_protezione-150x150.png\" alt=\"\" width=\"80\" height=\"80\" \/><br \/>\n<strong>Sicherheit und Schutz<\/strong><\/a><\/div>\n<div style=\"display: inline-block; margin: 0px 6px;\"><a style=\"color: #000; text-decoration: none;\" href=\"https:\/\/www.rupes.com\/de\/lokalisierte-absauganlage\/kosteneinsparung\/\"><br \/>\n<img loading=\"lazy\" decoding=\"async\" class=\"aligncenter size-thumbnail\" src=\"https:\/\/www.rupes.com\/wp-content\/uploads\/2019\/05\/ico_risparmio-150x150.png\" alt=\"\" width=\"80\" height=\"80\" \/><br \/>\n<strong>Reduzierung der Kosten<\/strong><\/a><\/div>\n<div style=\"display: inline-block; margin: 0px 6px;\"><a style=\"color: #000; text-decoration: none;\" href=\"https:\/\/www.rupes.com\/de\/lokalisierte-absauganlage\/intelligente-technologie\/\"><br \/>\n<img loading=\"lazy\" decoding=\"async\" class=\"aligncenter size-thumbnail \" src=\"https:\/\/www.rupes.com\/wp-content\/uploads\/2019\/05\/ico_innovazione-150x150.png\" alt=\"\" width=\"80\" height=\"80\" \/><br \/>\n<strong>Intelligente Technologie 4.0<\/strong><\/a><\/div>\n<div style=\"display: inline-block; margin: 0px 8px;\"><a style=\"color: #000; text-decoration: none;\" href=\"https:\/\/www.rupes.com\/de\/lokalisierte-absauganlage\/3d-planung\/\"><br \/>\n<img loading=\"lazy\" decoding=\"async\" class=\"size-thumbnail aligncenter\" src=\"https:\/\/www.rupes.com\/wp-content\/uploads\/2019\/05\/project-150x150.png\" alt=\"\" width=\"80\" height=\"80\" \/><br \/>\n<strong>3D-Planung<\/strong><\/a><\/div>\n<\/div>\n<hr \/>\n<p>&nbsp;<\/p>\n<p><img loading=\"lazy\" decoding=\"async\" class=\"aligncenter size-full\" src=\"https:\/\/www.rupes.com\/wp-content\/uploads\/2019\/05\/foto1.jpg\" alt=\"\" width=\"1600\" height=\"717\" \/><\/p>\n","protected":false},"excerpt":{"rendered":"<p>Absauganlage Die Absauganlage von RUPES f\u00fcr Feinstaub ist die ideale L\u00f6sung, um professionell, sicher und effizient den Arbeitsplatz gesund und sauber zu halten. Feinst\u00e4ube, die w\u00e4hrend des Schleifvorgangs oder \u00e4hnlichem <\/p>\n","protected":false},"author":1,"featured_media":0,"parent":0,"menu_order":0,"comment_status":"closed","ping_status":"closed","template":"page-dustextractionsystem.php","meta":{"_acf_changed":false,"footnotes":""},"class_list":["post-1001385988","page","type-page","status-publish","hentry"],"acf":{"video":"","gallery":false,"full_page":false,"php_code":"","scegliSlider":"default","addVideoSlider":false,"select_form":1001385778},"_links":{"self":[{"href":"https:\/\/www.rupes.com\/de\/wp-json\/wp\/v2\/pages\/1001385988","targetHints":{"allow":["GET"]}}],"collection":[{"href":"https:\/\/www.rupes.com\/de\/wp-json\/wp\/v2\/pages"}],"about":[{"href":"https:\/\/www.rupes.com\/de\/wp-json\/wp\/v2\/types\/page"}],"author":[{"embeddable":true,"href":"https:\/\/www.rupes.com\/de\/wp-json\/wp\/v2\/users\/1"}],"replies":[{"embeddable":true,"href":"https:\/\/www.rupes.com\/de\/wp-json\/wp\/v2\/comments?post=1001385988"}],"version-history":[{"count":0,"href":"https:\/\/www.rupes.com\/de\/wp-json\/wp\/v2\/pages\/1001385988\/revisions"}],"wp:attachment":[{"href":"https:\/\/www.rupes.com\/de\/wp-json\/wp\/v2\/media?parent=1001385988"}],"curies":[{"name":"wp","href":"https:\/\/api.w.org\/{rel}","templated":true}]}}